{"id":1475,"date":"2023-12-21T13:31:50","date_gmt":"2023-12-21T05:31:50","guid":{"rendered":"http:\/\/adibo.ichuanghui.cn\/?page_id=1475"},"modified":"2024-03-29T11:40:53","modified_gmt":"2024-03-29T03:40:53","slug":"privacy-policy","status":"publish","type":"page","link":"https:\/\/adibo.com\/pt\/privacy-policy","title":{"rendered":"Pol\u00edtica De Privacidade"},"content":{"rendered":"<div data-elementor-type=\"wp-page\" data-elementor-id=\"1475\" class=\"elementor elementor-1475\" data-elementor-post-type=\"page\">\n\t\t\t\t\t\t\t<div class=\"elementor-element elementor-element-48ad4cc e-flex e-con-boxed e-con e-parent\" data-id=\"48ad4cc\" data-element_type=\"container\" data-settings=\"{&quot;content_width&quot;:&quot;boxed&quot;}\" data-core-v316-plus=\"true\">\n\t\t\t\t\t<div class=\"e-con-inner\">\n\t\t\t\t<div class=\"elementor-element elementor-element-db715d1 elementor-widget elementor-widget-heading\" data-id=\"db715d1\" data-element_type=\"widget\" data-widget_type=\"heading.default\">\n\t\t\t\t<div class=\"elementor-widget-container\">\n\t\t\t<style>\/*! elementor - v3.17.0 - 25-10-2023 *\/\n.elementor-heading-title{padding:0;margin:0;line-height:1}.elementor-widget-heading .elementor-heading-title[class*=elementor-size-]>a{color:inherit;font-size:inherit;line-height:inherit}.elementor-widget-heading .elementor-heading-title.elementor-size-small{font-size:15px}.elementor-widget-heading .elementor-heading-title.elementor-size-medium{font-size:19px}.elementor-widget-heading .elementor-heading-title.elementor-size-large{font-size:29px}.elementor-widget-heading .elementor-heading-title.elementor-size-xl{font-size:39px}.elementor-widget-heading .elementor-heading-title.elementor-size-xxl{font-size:59px}<\/style><h2 class=\"elementor-heading-title elementor-size-default\">Pol\u00edtica De Privacidade<\/h2>\t\t<\/div>\n\t\t\t\t<\/div>\n\t\t\t\t<div class=\"elementor-element elementor-element-2218c4d elementor-widget elementor-widget-text-editor\" data-id=\"2218c4d\" data-element_type=\"widget\" data-widget_type=\"text-editor.default\">\n\t\t\t\t<div class=\"elementor-widget-container\">\n\t\t\t<style>\/*! elementor - v3.17.0 - 25-10-2023 *\/\n.elementor-widget-text-editor.elementor-drop-cap-view-stacked .elementor-drop-cap{background-color:#69727d;color:#fff}.elementor-widget-text-editor.elementor-drop-cap-view-framed .elementor-drop-cap{color:#69727d;border:3px solid;background-color:transparent}.elementor-widget-text-editor:not(.elementor-drop-cap-view-default) .elementor-drop-cap{margin-top:8px}.elementor-widget-text-editor:not(.elementor-drop-cap-view-default) .elementor-drop-cap-letter{width:1em;height:1em}.elementor-widget-text-editor .elementor-drop-cap{float:left;text-align:center;line-height:1;font-size:50px}.elementor-widget-text-editor .elementor-drop-cap-letter{display:inline-block}<\/style>\t\t\t\t<p><span class=\"spark-text\">Respeitamos profundamente a sua privacidade e estamos comprometidos em proteger as suas informa\u00e7\u00f5es pessoais. Esta Pol\u00edtica de Privacidade tem como objetivo descrever como coletamos, usamos e compartilhamos suas informa\u00e7\u00f5es pessoais quando voc\u00ea visita ou compra em www.adibo.com (doravante denominado \u201cSite\u201d).<\/span><\/p>\n<p><span class=\"spark-text\">Informa\u00e7\u00f5es pessoais que coletamos<\/span><\/p>\n<p><span class=\"spark-text\">Quando voc\u00ea visita o Site, coletamos automaticamente certas informa\u00e7\u00f5es sobre o seu dispositivo, incluindo seu navegador, endere\u00e7o IP, fuso hor\u00e1rio e algumas informa\u00e7\u00f5es de cookies instalados no seu dispositivo. Al\u00e9m disso, \u00e0 medida que voc\u00ea navega no Site, tamb\u00e9m coletamos informa\u00e7\u00f5es sobre as p\u00e1ginas da Web ou produtos individuais que voc\u00ea visualiza, os sites ou termos de pesquisa que o encaminharam ao Site e como voc\u00ea interage com o Site. Referimo-nos a essas informa\u00e7\u00f5es coletadas automaticamente como \u201cInforma\u00e7\u00f5es do dispositivo\u201d.<\/span><\/p>\n<p><span class=\"spark-text\">Usamos as seguintes tecnologias para coletar informa\u00e7\u00f5es do dispositivo:<\/span><\/p>\n<p><span class=\"spark-text\">\u201cCookies\u201d s\u00e3o arquivos de dados colocados no seu dispositivo ou computador, normalmente contendo um identificador an\u00f4nimo exclusivo. Para obter mais informa\u00e7\u00f5es sobre cookies e como desativ\u00e1-los, visite http:\/\/www.allaboutcookies.org.<\/span><\/p>\n<p><span class=\"spark-text\">\u201cArquivos de log\u201d rastreiam a\u00e7\u00f5es que ocorrem no Site e coletam dados, incluindo seu endere\u00e7o IP, tipo de navegador, provedor de servi\u00e7os de Internet, p\u00e1ginas de refer\u00eancia\/sa\u00edda e carimbos de data\/hora.<\/span><\/p>\n<p><span class=\"spark-text\">\u201cWeb beacons\u201d, \u201ctags\u201d e \u201cpixels\u201d s\u00e3o arquivos eletr\u00f4nicos usados para registrar como voc\u00ea navega no Site.<\/span><\/p>\n<p><span class=\"spark-text\">Al\u00e9m disso, quando voc\u00ea faz uma compra ou tenta fazer uma compra atrav\u00e9s do Site, coletamos algumas informa\u00e7\u00f5es suas, incluindo seu nome, endere\u00e7o de cobran\u00e7a, endere\u00e7o de entrega, informa\u00e7\u00f5es de pagamento (incluindo n\u00fameros de cart\u00e3o de cr\u00e9dito [[insira quaisquer outros m\u00e9todos de pagamento aceitos] ]), endere\u00e7o de e-mail e n\u00famero de telefone. Referimo-nos a essas informa\u00e7\u00f5es como \u201cInforma\u00e7\u00f5es do pedido\u201d.<\/span><\/p>\n<p><span class=\"spark-text\">Quando nos referimos a \u201cInforma\u00e7\u00f5es Pessoais\u201d nesta Pol\u00edtica de Privacidade, estamos falando de Informa\u00e7\u00f5es do Dispositivo e Informa\u00e7\u00f5es do Pedido.<\/span><\/p>\n<p><span class=\"spark-text\">Como usamos suas informa\u00e7\u00f5es pessoais<\/span><\/p>\n<p><span class=\"spark-text\">Geralmente usamos as Informa\u00e7\u00f5es de Pedido que coletamos para atender quaisquer pedidos feitos atrav\u00e9s do Site (incluindo processar suas informa\u00e7\u00f5es de pagamento, organizar a entrega e fornecer faturas e\/ou confirma\u00e7\u00f5es de pedido). Al\u00e9m disso, usamos essas informa\u00e7\u00f5es do pedido para:<\/span><\/p>\n<p><span class=\"spark-text\">Comunicar com voc\u00ea;<\/span>&nbsp;<span class=\"spark-text\">Analisar nossos pedidos quanto a poss\u00edveis riscos ou fraudes; e<\/span>&nbsp;<span class=\"spark-text\">Fornecer informa\u00e7\u00f5es ou publicidade relacionada aos nossos produtos ou servi\u00e7os com base nas prefer\u00eancias que voc\u00ea compartilha conosco.<\/span><\/p>\n<p><span class=\"spark-text\">Compartilhando suas informa\u00e7\u00f5es pessoais<\/span><\/p>\n<p><span class=\"spark-text\">Conforme descrito acima, compartilhamos suas Informa\u00e7\u00f5es Pessoais com terceiros para nos ajudar a usar suas Informa\u00e7\u00f5es Pessoais. Por exemplo, usamos o WooCommerce para impulsionar nossa loja online \u2013 voc\u00ea pode ler mais sobre como o WooCommerce usa suas informa\u00e7\u00f5es pessoais aqui: [inserir link]. Tamb\u00e9m poderemos compartilhar suas Informa\u00e7\u00f5es Pessoais com terceiros, como empresas de log\u00edstica, para organizar a entrega de seus pedidos.<\/span><\/p>\n<p><span class=\"spark-text\">Por fim, tamb\u00e9m poderemos compartilhar suas Informa\u00e7\u00f5es Pessoais para cumprir as leis e regulamentos aplic\u00e1veis, para responder a intima\u00e7\u00f5es, mandados de busca ou outras solicita\u00e7\u00f5es legais de informa\u00e7\u00f5es que recebemos, ou para proteger nossos direitos de outra forma.<\/span><\/p>\n<p><span class=\"spark-text\">Publicidade Comportamental<\/span><\/p>\n<p><span class=\"spark-text\">Conforme descrito acima, usamos suas Informa\u00e7\u00f5es Pessoais para fornecer an\u00fancios direcionados ou comunica\u00e7\u00f5es de marketing que acreditamos serem do seu interesse. Para obter mais informa\u00e7\u00f5es sobre como funciona a publicidade direcionada, voc\u00ea pode visitar a p\u00e1gina educacional da Network Advertising Initiative (\u201cNAI\u201d) em http:\/\/www.networkadvertising.org\/understanding-online-advertising\/how-does-it-work.<\/span><\/p>\n<p><span class=\"spark-text\">Voc\u00ea pode desativar a publicidade direcionada usando os links abaixo:<\/span><\/p>\n<p><span class=\"spark-text\">Facebook: https:\/\/www.facebook.com\/settings\/?tab=ads<\/span>&nbsp;<span class=\"spark-text\">Google: https:\/\/www.google.com\/settings\/ads\/anonymous<\/span>&nbsp;<span class=\"spark-text\">Bing: https:\/\/advertise.bingads.microsoft.com\/en-us\/resources\/policies\/personalized-ads<\/span>&nbsp;<span class=\"spark-text\">Al\u00e9m disso, voc\u00ea pode cancelar alguns desses servi\u00e7os visitando o portal de exclus\u00e3o da Digital Advertising Alliance em: http:\/\/optout.aboutads.info\/.<\/span><\/p>\n<p><span class=\"spark-text\">N\u00e3o rastreie<\/span><\/p>\n<p><span class=\"spark-text\">Observe que n\u00e3o alteramos a coleta de dados e as pr\u00e1ticas de uso do nosso site quando vemos um sinal Do Not Track no seu navegador.<\/span><\/p>\n<p><span class=\"spark-text\">Seus direitos<\/span><\/p>\n<p><span class=\"spark-text\">Se voc\u00ea \u00e9 residente na Europa, tem o direito de acessar as informa\u00e7\u00f5es pessoais que mantemos sobre voc\u00ea e de solicitar que suas informa\u00e7\u00f5es pessoais sejam corrigidas, atualizadas ou exclu\u00eddas. Se desejar exercer este direito, entre em contato conosco usando as informa\u00e7\u00f5es de contato abaixo.<\/span><\/p>\n<p><span class=\"spark-text\">Al\u00e9m disso, se voc\u00ea for residente na Europa, observamos que estamos processando suas informa\u00e7\u00f5es para cumprir contratos que possamos ter com voc\u00ea (por exemplo, se voc\u00ea fizer um pedido atrav\u00e9s do site) ou de outra forma prosseguir nossos interesses comerciais leg\u00edtimos, conforme descrito acima. . Al\u00e9m disso, observe que suas informa\u00e7\u00f5es ser\u00e3o transferidas para fora da Europa, inclusive para o Canad\u00e1 e os Estados Unidos.<\/span><\/p>\n<p><span class=\"spark-text\">Reten\u00e7\u00e3o de dados<\/span><\/p>\n<p><span class=\"spark-text\">Quando voc\u00ea faz um pedido atrav\u00e9s do site, manteremos as informa\u00e7\u00f5es do seu pedido em nossos registros, a menos e at\u00e9 que voc\u00ea nos solicite a exclus\u00e3o dessas informa\u00e7\u00f5es.<\/span><\/p>\n<p><span class=\"spark-text\">Mudan\u00e7as<\/span><\/p>\n<p><span class=\"spark-text\">Poderemos atualizar esta pol\u00edtica de privacidade de tempos em tempos para refletir, por exemplo, altera\u00e7\u00f5es em nossas pr\u00e1ticas ou por outros motivos operacionais, legais ou regulat\u00f3rios.<\/span><\/p>\n<p><span class=\"spark-text\">Menores<\/span><\/p>\n<p><span class=\"spark-text\">O site n\u00e3o se destina a indiv\u00edduos menores de [18 anos].<\/span><\/p>\n<p><span class=\"spark-text\">Contate-nos<\/span><\/p>\n<p><span class=\"spark-text\">Para obter mais informa\u00e7\u00f5es sobre nossas pr\u00e1ticas de privacidade, se voc\u00ea tiver d\u00favidas ou quiser fazer uma reclama\u00e7\u00e3o, entre em contato conosco pelo e-mail adibo@adibo.com ou por correio usando os dados fornecidos abaixo:<\/span><\/p>\n<p><span class=\"spark-text\">Loja Oficial Adibo<\/span><br>305, 3\u00ba andar, Edif\u00edcio 2, Parque Industrial Hui Sheng Da, No. 29 Qingcui Road, Comunidade Qinghu, Rua Longhua, Distrito de Longhua, Cidade de Shenzhen, Prov\u00edncia de Guangdong, China.<br><\/p>\t\t\t\t\t\t<\/div>\n\t\t\t\t<\/div>\n\t\t\t\t\t<\/div>\n\t\t\t\t<\/div>\n\t\t\t\t\t\t\t<\/div>","protected":false},"excerpt":{"rendered":"<p>Pol\u00edtica de Privacidade Respeitamos profundamente a sua privacidade e estamos comprometidos em proteger as suas informa\u00e7\u00f5es pessoais. Esta Pol\u00edtica de Privacidade tem como objetivo descrever como coletamos, usamos e compartilhamos suas informa\u00e7\u00f5es pessoais quando voc\u00ea visita ou compra em www.adibo.com (doravante denominado \u201cSite\u201d). Informa\u00e7\u00f5es pessoais que coletamos Quando voc\u00ea visita o site, coletamos automaticamente\u2026<\/p>\n<p class=\"read-more\"> <a class=\"\" href=\"https:\/\/adibo.com\/pt\/privacy-policy\"> <span class=\"screen-reader-text\">Pol\u00edtica De Privacidade<\/span> Consulte Mais informa\u00e7\u00e3o &quot;<\/a><\/p>","protected":false},"author":1,"featured_media":0,"parent":0,"menu_order":0,"comment_status":"closed","ping_status":"closed","template":"","meta":{"om_disable_all_campaigns":false,"site-sidebar-layout":"no-sidebar","site-content-layout":"page-builder","ast-site-content-layout":"full-width-container","site-content-style":"default","site-sidebar-style":"default","ast-global-header-display":"","ast-banner-title-visibility":"","ast-main-header-display":"","ast-hfb-above-header-display":"","ast-hfb-below-header-display":"","ast-hfb-mobile-header-display":"","site-post-title":"disabled","ast-breadcrumbs-content":"","ast-featured-img":"disabled","footer-sml-layout":"","theme-transparent-header-meta":"default","adv-header-id-meta":"","stick-header-meta":"default","header-above-stick-meta":"","header-main-stick-meta":"","header-below-stick-meta":"","astra-migrate-meta-layouts":"set","ast-page-background-enabled":"default","ast-page-background-meta":{"desktop":{"background-color":"var(--ast-global-color-4)","background-image":"","background-repeat":"repeat","background-position":"center center","background-size":"auto","background-attachment":"scroll","background-type":"","background-media":"","overlay-type":"","overlay-color":"","overlay-gradient":""},"tablet":{"background-color":"","background-image":"","background-repeat":"repeat","background-position":"center center","background-size":"auto","background-attachment":"scroll","background-type":"","background-media":"","overlay-type":"","overlay-color":"","overlay-gradient":""},"mobile":{"background-color":"","background-image":"","background-repeat":"repeat","background-position":"center center","background-size":"auto","background-attachment":"scroll","background-type":"","background-media":"","overlay-type":"","overlay-color":"","overlay-gradient":""}},"ast-content-background-meta":{"desktop":{"background-color":"var(--ast-global-color-5)","background-image":"","background-repeat":"repeat","background-position":"center center","background-size":"auto","background-attachment":"scroll","background-type":"","background-media":"","overlay-type":"","overlay-color":"","overlay-gradient":""},"tablet":{"background-color":"var(--ast-global-color-5)","background-image":"","background-repeat":"repeat","background-position":"center center","background-size":"auto","background-attachment":"scroll","background-type":"","background-media":"","overlay-type":"","overlay-color":"","overlay-gradient":""},"mobile":{"background-color":"var(--ast-global-color-5)","background-image":"","background-repeat":"repeat","background-position":"center center","background-size":"auto","background-attachment":"scroll","background-type":"","background-media":"","overlay-type":"","overlay-color":"","overlay-gradient":""}},"footnotes":""},"class_list":["post-1475","page","type-page","status-publish","hentry"],"_links":{"self":[{"href":"https:\/\/adibo.com\/pt\/wp-json\/wp\/v2\/pages\/1475","targetHints":{"allow":["GET"]}}],"collection":[{"href":"https:\/\/adibo.com\/pt\/wp-json\/wp\/v2\/pages"}],"about":[{"href":"https:\/\/adibo.com\/pt\/wp-json\/wp\/v2\/types\/page"}],"author":[{"embeddable":true,"href":"https:\/\/adibo.com\/pt\/wp-json\/wp\/v2\/users\/1"}],"replies":[{"embeddable":true,"href":"https:\/\/adibo.com\/pt\/wp-json\/wp\/v2\/comments?post=1475"}],"version-history":[{"count":0,"href":"https:\/\/adibo.com\/pt\/wp-json\/wp\/v2\/pages\/1475\/revisions"}],"wp:attachment":[{"href":"https:\/\/adibo.com\/pt\/wp-json\/wp\/v2\/media?parent=1475"}],"curies":[{"name":"wp","href":"https:\/\/api.w.org\/{rel}","templated":true}]}}