{"id":1416,"date":"2023-12-18T16:16:09","date_gmt":"2023-12-18T08:16:09","guid":{"rendered":"http:\/\/adibo.ichuanghui.cn\/?page_id=1416"},"modified":"2024-03-29T11:16:15","modified_gmt":"2024-03-29T03:16:15","slug":"tkzc","status":"publish","type":"page","link":"https:\/\/adibo.com\/pt\/tkzc","title":{"rendered":"Pol\u00edtica de Reembolso"},"content":{"rendered":"<div data-elementor-type=\"wp-page\" data-elementor-id=\"1416\" class=\"elementor elementor-1416\" data-elementor-post-type=\"page\">\n\t\t\t\t\t\t\t<div class=\"elementor-element elementor-element-d0c34fd e-flex e-con-boxed e-con e-parent\" data-id=\"d0c34fd\" data-element_type=\"container\" data-settings=\"{&quot;content_width&quot;:&quot;boxed&quot;}\" data-core-v316-plus=\"true\">\n\t\t\t\t\t<div class=\"e-con-inner\">\n\t\t\t\t<div class=\"elementor-element elementor-element-cd021fb elementor-widget elementor-widget-heading\" data-id=\"cd021fb\" data-element_type=\"widget\" data-widget_type=\"heading.default\">\n\t\t\t\t<div class=\"elementor-widget-container\">\n\t\t\t<style>\/*! elementor - v3.17.0 - 25-10-2023 *\/\n.elementor-heading-title{padding:0;margin:0;line-height:1}.elementor-widget-heading .elementor-heading-title[class*=elementor-size-]>a{color:inherit;font-size:inherit;line-height:inherit}.elementor-widget-heading .elementor-heading-title.elementor-size-small{font-size:15px}.elementor-widget-heading .elementor-heading-title.elementor-size-medium{font-size:19px}.elementor-widget-heading .elementor-heading-title.elementor-size-large{font-size:29px}.elementor-widget-heading .elementor-heading-title.elementor-size-xl{font-size:39px}.elementor-widget-heading .elementor-heading-title.elementor-size-xxl{font-size:59px}<\/style><h2 class=\"elementor-heading-title elementor-size-default\">Pol\u00edtica de Reembolso\n\n<\/h2>\t\t<\/div>\n\t\t\t\t<\/div>\n\t\t\t\t<div class=\"elementor-element elementor-element-227f669 elementor-widget elementor-widget-text-editor\" data-id=\"227f669\" data-element_type=\"widget\" data-widget_type=\"text-editor.default\">\n\t\t\t\t<div class=\"elementor-widget-container\">\n\t\t\t<style>\/*! elementor - v3.17.0 - 25-10-2023 *\/\n.elementor-widget-text-editor.elementor-drop-cap-view-stacked .elementor-drop-cap{background-color:#69727d;color:#fff}.elementor-widget-text-editor.elementor-drop-cap-view-framed .elementor-drop-cap{color:#69727d;border:3px solid;background-color:transparent}.elementor-widget-text-editor:not(.elementor-drop-cap-view-default) .elementor-drop-cap{margin-top:8px}.elementor-widget-text-editor:not(.elementor-drop-cap-view-default) .elementor-drop-cap-letter{width:1em;height:1em}.elementor-widget-text-editor .elementor-drop-cap{float:left;text-align:center;line-height:1;font-size:50px}.elementor-widget-text-editor .elementor-drop-cap-letter{display:inline-block}<\/style>\t\t\t\t<p><span>Obrigado por escolher comprar em www.adibo.com. Temos o compromisso de fornecer produtos e servi\u00e7os de alta qualidade e garantir que sua experi\u00eancia de compra seja a mais agrad\u00e1vel e livre de preocupa\u00e7\u00f5es poss\u00edvel. Para ajud\u00e1-lo a entender melhor nosso processo e pol\u00edtica de reembolso, leia atentamente as informa\u00e7\u00f5es abaixo:<\/span><\/p>\n<p><strong><span>1. Prazo de reembolso:<\/span><\/strong><span>&nbsp;A partir da data da sua compra, se voc\u00ea precisar devolver, reembolsar ou trocar um item, entre em contato conosco dentro de 30 dias. Este per\u00edodo existe para garantir que possamos processar eficazmente o seu pedido. Ap\u00f3s 30 dias, n\u00e3o poderemos oferecer reembolso.<\/span><\/p>\n<p><strong><span>2. Condi\u00e7\u00f5es de devolu\u00e7\u00e3o:<\/span><\/strong><span>&nbsp;Para garantir que um item possa ser devolvido com sucesso, certifique-se de que o produto n\u00e3o tenha sido usado e esteja nas mesmas condi\u00e7\u00f5es de quando o recebeu. O item tamb\u00e9m deve estar em sua embalagem original, com todos os acess\u00f3rios e manuais intactos.<\/span><\/p>\n<p><strong><span>3. Itens n\u00e3o retorn\u00e1veis:<\/span><\/strong><span>&nbsp;Devido \u00e0 sua natureza, alguns itens n\u00e3o podem ser devolvidos, como produtos perec\u00edveis como alimentos e flores; produtos \u00edntimos ou de higiene; materiais perigosos; l\u00edquidos ou gases inflam\u00e1veis; cart\u00f5es de presente; produtos de software baix\u00e1veis; e certos itens de sa\u00fade e cuidados pessoais. Esses itens n\u00e3o s\u00e3o retorn\u00e1veis devido \u00e0 sua natureza especial, o que impede a revenda.<\/span><\/p>\n<p><strong><span>4. Processo de reembolso:<\/span><\/strong><span>&nbsp;Forne\u00e7a o comprovante de compra ou um n\u00famero de pedido para concluir o processo de reembolso. N\u00e3o envie a mercadoria diretamente de volta ao fabricante. Se precisar devolver um item, entre em contato com nossa equipe de atendimento ao cliente para obter instru\u00e7\u00f5es detalhadas de devolu\u00e7\u00e3o.<\/span><\/p>\n<p><strong><span>5. Reembolsos Parciais:<\/span><\/strong><span>&nbsp;Para itens como livros com sinais \u00f3bvios de uso, CDs, DVDs, fitas VHS, software, videogames, fitas cassete ou discos de vinil abertos, podemos oferecer reembolso apenas parcial. Al\u00e9m disso, quaisquer itens danificados ou faltando pe\u00e7as que n\u00e3o sejam devido a nosso erro tamb\u00e9m podem ser eleg\u00edveis para reembolso apenas parcial.<\/span><\/p>\n<p><strong><span>6. M\u00e9todo de reembolso:<\/span><\/strong><span>&nbsp;Os reembolsos ser\u00e3o emitidos atrav\u00e9s do m\u00e9todo de pagamento original. Se o m\u00e9todo de pagamento original n\u00e3o estiver mais dispon\u00edvel, reembolsaremos atrav\u00e9s do PayPal ou outro m\u00e9todo. Observe que n\u00e3o reembolsamos as despesas de envio originais.<\/span><\/p>\n<p><strong><span>7. Reembolsos atrasados ou ausentes:<\/span><\/strong><span>&nbsp;Se voc\u00ea n\u00e3o recebeu seu reembolso dentro do prazo esperado, primeiro verifique sua conta banc\u00e1ria e, em seguida, entre em contato com a administradora do cart\u00e3o de cr\u00e9dito ou banco. Se voc\u00ea ainda encontrar problemas, n\u00e3o hesite em entrar em contato com nosso suporte ao cliente.<\/span><\/p>\n<p><strong><span>8. Itens de venda:<\/span><\/strong><span>&nbsp;Observe que itens em promo\u00e7\u00e3o ou em promo\u00e7\u00e3o podem n\u00e3o ser eleg\u00edveis para reembolso. Certifique-se de ter confirmado cuidadosamente os detalhes do produto antes da compra.<\/span><\/p>\n<p><strong><span>9. Op\u00e7\u00f5es de presentes:<\/span><\/strong><span>&nbsp;Se voc\u00ea comprou o produto como presente, o reembolso ser\u00e1 emitido na forma de cr\u00e9dito da loja ao comprador. Se o presente n\u00e3o foi marcado como presente no momento da compra, ou se o presenteador enviou o pedido para si mesmo para entreg\u00e1-lo mais tarde, o reembolso ser\u00e1 emitido ao comprador original.<\/span><\/p>\n<p><strong><span>10. Frete de devolu\u00e7\u00e3o:<\/span><\/strong><span>&nbsp;Entre em contato conosco antes de devolver um item. O endere\u00e7o de devolu\u00e7\u00e3o \u00e9: 305, 3\u00ba andar, Edif\u00edcio 2, Parque Industrial Hui Sheng Da, No. 29 Qingcui Road, Comunidade Qinghu, Rua Longhua, Distrito de Longhua, Cidade de Shenzhen, Prov\u00edncia de Guangdong, China. responsabilidade do comprador. Se voc\u00ea estiver enviando um item com valor superior a $75, recomendamos usar um servi\u00e7o de remessa rastre\u00e1vel ou adquirir um seguro de remessa para garantir a entrega segura do item. N\u00e3o garantimos que receberemos seu item devolvido.<\/span><\/p>\n<p><span>Entendemos que a satisfa\u00e7\u00e3o de cada cliente \u00e9 vital para o nosso sucesso. Portanto, encorajamos voc\u00ea a se comunicar com o atendimento ao cliente antes de fazer uma compra para garantir que o produto atenda \u00e0s suas necessidades e, assim, reduzir a probabilidade de devolu\u00e7\u00f5es. Isto n\u00e3o s\u00f3 ajuda a proteger os seus direitos de consumidor, mas tamb\u00e9m ajuda a reduzir o desperd\u00edcio e os custos ambientais. Obrigado por sua compreens\u00e3o e coopera\u00e7\u00e3o!<\/span><\/p>\t\t\t\t\t\t<\/div>\n\t\t\t\t<\/div>\n\t\t\t\t\t<\/div>\n\t\t\t\t<\/div>\n\t\t\t\t\t\t\t<\/div>","protected":false},"excerpt":{"rendered":"<p>Pol\u00edtica de Reembolso Obrigado por escolher comprar em www.adibo.com. Temos o compromisso de fornecer produtos e servi\u00e7os de alta qualidade e garantir que sua experi\u00eancia de compra seja a mais agrad\u00e1vel e livre de preocupa\u00e7\u00f5es poss\u00edvel. Para ajud\u00e1-lo a entender melhor nosso processo e pol\u00edtica de reembolso, leia atentamente as informa\u00e7\u00f5es abaixo: 1. Prazo de reembolso: a partir de\u2026<\/p>\n<p class=\"read-more\"> <a class=\"\" href=\"https:\/\/adibo.com\/pt\/tkzc\"> <span class=\"screen-reader-text\">Pol\u00edtica de Reembolso<\/span> Consulte Mais informa\u00e7\u00e3o &quot;<\/a><\/p>","protected":false},"author":1,"featured_media":0,"parent":0,"menu_order":0,"comment_status":"closed","ping_status":"closed","template":"","meta":{"om_disable_all_campaigns":false,"site-sidebar-layout":"no-sidebar","site-content-layout":"page-builder","ast-site-content-layout":"full-width-container","site-content-style":"default","site-sidebar-style":"default","ast-global-header-display":"","ast-banner-title-visibility":"","ast-main-header-display":"","ast-hfb-above-header-display":"","ast-hfb-below-header-display":"","ast-hfb-mobile-header-display":"","site-post-title":"disabled","ast-breadcrumbs-content":"","ast-featured-img":"disabled","footer-sml-layout":"","theme-transparent-header-meta":"default","adv-header-id-meta":"","stick-header-meta":"default","header-above-stick-meta":"","header-main-stick-meta":"","header-below-stick-meta":"","astra-migrate-meta-layouts":"set","ast-page-background-enabled":"default","ast-page-background-meta":{"desktop":{"background-color":"var(--ast-global-color-4)","background-image":"","background-repeat":"repeat","background-position":"center center","background-size":"auto","background-attachment":"scroll","background-type":"","background-media":"","overlay-type":"","overlay-color":"","overlay-gradient":""},"tablet":{"background-color":"","background-image":"","background-repeat":"repeat","background-position":"center center","background-size":"auto","background-attachment":"scroll","background-type":"","background-media":"","overlay-type":"","overlay-color":"","overlay-gradient":""},"mobile":{"background-color":"","background-image":"","background-repeat":"repeat","background-position":"center center","background-size":"auto","background-attachment":"scroll","background-type":"","background-media":"","overlay-type":"","overlay-color":"","overlay-gradient":""}},"ast-content-background-meta":{"desktop":{"background-color":"var(--ast-global-color-5)","background-image":"","background-repeat":"repeat","background-position":"center center","background-size":"auto","background-attachment":"scroll","background-type":"","background-media":"","overlay-type":"","overlay-color":"","overlay-gradient":""},"tablet":{"background-color":"var(--ast-global-color-5)","background-image":"","background-repeat":"repeat","background-position":"center center","background-size":"auto","background-attachment":"scroll","background-type":"","background-media":"","overlay-type":"","overlay-color":"","overlay-gradient":""},"mobile":{"background-color":"var(--ast-global-color-5)","background-image":"","background-repeat":"repeat","background-position":"center center","background-size":"auto","background-attachment":"scroll","background-type":"","background-media":"","overlay-type":"","overlay-color":"","overlay-gradient":""}},"footnotes":""},"class_list":["post-1416","page","type-page","status-publish","hentry"],"_links":{"self":[{"href":"https:\/\/adibo.com\/pt\/wp-json\/wp\/v2\/pages\/1416","targetHints":{"allow":["GET"]}}],"collection":[{"href":"https:\/\/adibo.com\/pt\/wp-json\/wp\/v2\/pages"}],"about":[{"href":"https:\/\/adibo.com\/pt\/wp-json\/wp\/v2\/types\/page"}],"author":[{"embeddable":true,"href":"https:\/\/adibo.com\/pt\/wp-json\/wp\/v2\/users\/1"}],"replies":[{"embeddable":true,"href":"https:\/\/adibo.com\/pt\/wp-json\/wp\/v2\/comments?post=1416"}],"version-history":[{"count":0,"href":"https:\/\/adibo.com\/pt\/wp-json\/wp\/v2\/pages\/1416\/revisions"}],"wp:attachment":[{"href":"https:\/\/adibo.com\/pt\/wp-json\/wp\/v2\/media?parent=1416"}],"curies":[{"name":"wp","href":"https:\/\/api.w.org\/{rel}","templated":true}]}}