{"id":1475,"date":"2023-12-21T13:31:50","date_gmt":"2023-12-21T05:31:50","guid":{"rendered":"http:\/\/adibo.ichuanghui.cn\/?page_id=1475"},"modified":"2024-03-29T11:40:53","modified_gmt":"2024-03-29T03:40:53","slug":"privacy-policy","status":"publish","type":"page","link":"https:\/\/adibo.com\/fr\/privacy-policy","title":{"rendered":"Politique De Confidentialit\u00e9"},"content":{"rendered":"<div data-elementor-type=\"wp-page\" data-elementor-id=\"1475\" class=\"elementor elementor-1475\" data-elementor-post-type=\"page\">\n\t\t\t\t\t\t\t<div class=\"elementor-element elementor-element-48ad4cc e-flex e-con-boxed e-con e-parent\" data-id=\"48ad4cc\" data-element_type=\"container\" data-settings=\"{&quot;content_width&quot;:&quot;boxed&quot;}\" data-core-v316-plus=\"true\">\n\t\t\t\t\t<div class=\"e-con-inner\">\n\t\t\t\t<div class=\"elementor-element elementor-element-db715d1 elementor-widget elementor-widget-heading\" data-id=\"db715d1\" data-element_type=\"widget\" data-widget_type=\"heading.default\">\n\t\t\t\t<div class=\"elementor-widget-container\">\n\t\t\t<style>\/*! elementor - v3.17.0 - 25-10-2023 *\/\n.elementor-heading-title{padding:0;margin:0;line-height:1}.elementor-widget-heading .elementor-heading-title[class*=elementor-size-]>a{color:inherit;font-size:inherit;line-height:inherit}.elementor-widget-heading .elementor-heading-title.elementor-size-small{font-size:15px}.elementor-widget-heading .elementor-heading-title.elementor-size-medium{font-size:19px}.elementor-widget-heading .elementor-heading-title.elementor-size-large{font-size:29px}.elementor-widget-heading .elementor-heading-title.elementor-size-xl{font-size:39px}.elementor-widget-heading .elementor-heading-title.elementor-size-xxl{font-size:59px}<\/style><h2 class=\"elementor-heading-title elementor-size-default\">Politique De Confidentialit\u00e9<\/h2>\t\t<\/div>\n\t\t\t\t<\/div>\n\t\t\t\t<div class=\"elementor-element elementor-element-2218c4d elementor-widget elementor-widget-text-editor\" data-id=\"2218c4d\" data-element_type=\"widget\" data-widget_type=\"text-editor.default\">\n\t\t\t\t<div class=\"elementor-widget-container\">\n\t\t\t<style>\/*! elementor - v3.17.0 - 25-10-2023 *\/\n.elementor-widget-text-editor.elementor-drop-cap-view-stacked .elementor-drop-cap{background-color:#69727d;color:#fff}.elementor-widget-text-editor.elementor-drop-cap-view-framed .elementor-drop-cap{color:#69727d;border:3px solid;background-color:transparent}.elementor-widget-text-editor:not(.elementor-drop-cap-view-default) .elementor-drop-cap{margin-top:8px}.elementor-widget-text-editor:not(.elementor-drop-cap-view-default) .elementor-drop-cap-letter{width:1em;height:1em}.elementor-widget-text-editor .elementor-drop-cap{float:left;text-align:center;line-height:1;font-size:50px}.elementor-widget-text-editor .elementor-drop-cap-letter{display:inline-block}<\/style>\t\t\t\t<p><span class=\"spark-text\">Nous respectons profond\u00e9ment votre vie priv\u00e9e et nous engageons \u00e0 prot\u00e9ger vos informations personnelles. Cette politique de confidentialit\u00e9 vise \u00e0 d\u00e9crire la mani\u00e8re dont nous collectons, utilisons et partageons vos informations personnelles lorsque vous visitez ou effectuez des achats sur www.adibo.com (ci-apr\u00e8s d\u00e9nomm\u00e9 le \u00ab Site Web \u00bb).<\/span><\/p>\n<p><span class=\"spark-text\">Informations personnelles que nous collectons<\/span><\/p>\n<p><span class=\"spark-text\">Lorsque vous visitez le site Web, nous collectons automatiquement certaines informations sur votre appareil, notamment votre navigateur Web, votre adresse IP, votre fuseau horaire et certaines informations sur les cookies install\u00e9s sur votre appareil. De plus, lorsque vous naviguez sur le site Web, nous collectons \u00e9galement des informations sur les pages Web individuelles ou les produits que vous consultez, les sites Web ou les termes de recherche qui vous ont renvoy\u00e9 vers le site Web et la mani\u00e8re dont vous interagissez avec le site Web. Nous appelons ces informations collect\u00e9es automatiquement \u00ab\u00a0Informations sur l&#039;appareil\u00a0\u00bb.<\/span><\/p>\n<p><span class=\"spark-text\">Nous utilisons les technologies suivantes pour collecter des informations sur les appareils\u00a0:<\/span><\/p>\n<p><span class=\"spark-text\">Les \u00ab cookies \u00bb sont des fichiers de donn\u00e9es plac\u00e9s sur votre appareil ou ordinateur, contenant g\u00e9n\u00e9ralement un identifiant anonyme unique. Pour plus d&#039;informations sur les cookies et comment les d\u00e9sactiver, veuillez visiter http:\/\/www.allaboutcookies.org.<\/span><\/p>\n<p><span class=\"spark-text\">Les \u00ab fichiers journaux \u00bb suivent les actions qui se produisent sur le site Web et collectent des donn\u00e9es, notamment votre adresse IP, votre type de navigateur, votre fournisseur de services Internet, les pages de r\u00e9f\u00e9rence\/de sortie et les horodatages.<\/span><\/p>\n<p><span class=\"spark-text\">Les \u00ab balises Web \u00bb, les \u00ab balises \u00bb et les \u00ab pixels \u00bb sont des fichiers \u00e9lectroniques utilis\u00e9s pour enregistrer la fa\u00e7on dont vous naviguez sur le site Web.<\/span><\/p>\n<p><span class=\"spark-text\">De plus, lorsque vous effectuez ou tentez d&#039;effectuer un achat via le site Web, nous collectons certaines informations vous concernant, notamment votre nom, votre adresse de facturation, votre adresse de livraison, vos informations de paiement (y compris les num\u00e9ros de carte de cr\u00e9dit [[ins\u00e9rer tout autre mode de paiement accept\u00e9] ]), adresse e-mail et num\u00e9ro de t\u00e9l\u00e9phone. Nous appelons ces informations \u00ab\u00a0Informations sur la commande\u00a0\u00bb.<\/span><\/p>\n<p><span class=\"spark-text\">Lorsque nous faisons r\u00e9f\u00e9rence aux \u00ab\u00a0Informations personnelles\u00a0\u00bb dans la pr\u00e9sente Politique de confidentialit\u00e9, nous parlons des informations sur l&#039;appareil et des informations sur la commande.<\/span><\/p>\n<p><span class=\"spark-text\">Comment utilisons-nous vos informations personnelles<\/span><\/p>\n<p><span class=\"spark-text\">Nous utilisons g\u00e9n\u00e9ralement les informations de commande que nous collectons pour ex\u00e9cuter toute commande pass\u00e9e via le site Web (y compris le traitement de vos informations de paiement, l&#039;organisation de la livraison et la fourniture de factures et\/ou de confirmations de commande). De plus, nous utilisons ces informations de commande pour\u00a0:<\/span><\/p>\n<p><span class=\"spark-text\">Communiquer avec toi;<\/span>&nbsp;<span class=\"spark-text\">V\u00e9rifier nos commandes pour d\u00e9celer tout risque ou fraude potentiel\u00a0; et<\/span>&nbsp;<span class=\"spark-text\">Vous fournir des informations ou des publicit\u00e9s relatives \u00e0 nos produits ou services en fonction des pr\u00e9f\u00e9rences que vous partagez avec nous.<\/span><\/p>\n<p><span class=\"spark-text\">Partage de vos informations personnelles<\/span><\/p>\n<p><span class=\"spark-text\">Comme d\u00e9crit ci-dessus, nous partageons vos informations personnelles avec des tiers pour nous aider \u00e0 utiliser vos informations personnelles. Par exemple, nous utilisons WooCommerce pour alimenter notre boutique en ligne. Vous pouvez en savoir plus sur la mani\u00e8re dont WooCommerce utilise vos informations personnelles ici\u00a0: [ins\u00e9rer le lien]. Nous pouvons \u00e9galement partager vos informations personnelles avec d&#039;autres tiers, tels que des soci\u00e9t\u00e9s de logistique, pour organiser la livraison de vos commandes.<\/span><\/p>\n<p><span class=\"spark-text\">Enfin, nous pouvons \u00e9galement partager vos informations personnelles pour nous conformer aux lois et r\u00e9glementations applicables, pour r\u00e9pondre aux assignations \u00e0 compara\u00eetre, aux mandats de perquisition ou \u00e0 d&#039;autres demandes l\u00e9gales d&#039;informations que nous recevons, ou pour prot\u00e9ger nos droits de toute autre mani\u00e8re.<\/span><\/p>\n<p><span class=\"spark-text\">Publicit\u00e9 comportementale<\/span><\/p>\n<p><span class=\"spark-text\">Comme d\u00e9crit ci-dessus, nous utilisons vos informations personnelles pour vous proposer des publicit\u00e9s cibl\u00e9es ou des communications marketing qui, selon nous, pourraient vous int\u00e9resser. Pour plus d&#039;informations sur le fonctionnement de la publicit\u00e9 cibl\u00e9e, vous pouvez visiter la page \u00e9ducative de la Network Advertising Initiative (\u00ab NAI \u00bb) \u00e0 l&#039;adresse http:\/\/www.networkadvertising.org\/understanding-online-advertising\/how-does-it-work.<\/span><\/p>\n<p><span class=\"spark-text\">Vous pouvez vous d\u00e9sinscrire de la publicit\u00e9 cibl\u00e9e en utilisant les liens ci-dessous\u00a0:<\/span><\/p>\n<p><span class=\"spark-text\">Facebook\u00a0: https:\/\/www.facebook.com\/settings\/?tab=ads<\/span>&nbsp;<span class=\"spark-text\">Google\u00a0: https:\/\/www.google.com\/settings\/ads\/anonymous<\/span>&nbsp;<span class=\"spark-text\">Bing\u00a0: https:\/\/advertise.bingads.microsoft.com\/en-us\/resources\/policies\/personalized-ads<\/span>&nbsp;<span class=\"spark-text\">De plus, vous pouvez vous d\u00e9sinscrire de certains de ces services en visitant le portail de d\u00e9sinscription de la Digital Advertising Alliance \u00e0 l&#039;adresse\u00a0: http:\/\/optout.aboutads.info\/.<\/span><\/p>\n<p><span class=\"spark-text\">Ne pas suivre<\/span><\/p>\n<p><span class=\"spark-text\">Veuillez noter que nous ne modifions pas les pratiques de collecte et d&#039;utilisation des donn\u00e9es de notre site Web lorsque nous voyons un signal Do Not Track provenant de votre navigateur.<\/span><\/p>\n<p><span class=\"spark-text\">Tes droits<\/span><\/p>\n<p><span class=\"spark-text\">Si vous \u00eates un r\u00e9sident europ\u00e9en, vous avez le droit d&#039;acc\u00e9der aux informations personnelles que nous d\u00e9tenons \u00e0 votre sujet et de demander que vos informations personnelles soient corrig\u00e9es, mises \u00e0 jour ou supprim\u00e9es. Si vous souhaitez exercer ce droit, veuillez nous contacter aux coordonn\u00e9es ci-dessous.<\/span><\/p>\n<p><span class=\"spark-text\">De plus, si vous \u00eates un r\u00e9sident europ\u00e9en, nous notons que nous traitons vos informations afin d&#039;ex\u00e9cuter les contrats que nous pourrions avoir avec vous (par exemple si vous passez une commande via le site Web), ou de poursuivre nos int\u00e9r\u00eats commerciaux l\u00e9gitimes comme indiqu\u00e9 ci-dessus. . De plus, veuillez noter que vos informations seront transf\u00e9r\u00e9es hors d\u2019Europe, notamment au Canada et aux \u00c9tats-Unis.<\/span><\/p>\n<p><span class=\"spark-text\">La conservation des donn\u00e9es<\/span><\/p>\n<p><span class=\"spark-text\">Lorsque vous passez une commande via le site Web, nous conserverons vos informations de commande dans nos dossiers \u00e0 moins et jusqu&#039;\u00e0 ce que vous nous demandiez de supprimer ces informations.<\/span><\/p>\n<p><span class=\"spark-text\">Changements<\/span><\/p>\n<p><span class=\"spark-text\">Nous pouvons mettre \u00e0 jour cette politique de confidentialit\u00e9 de temps \u00e0 autre pour refl\u00e9ter, par exemple, des modifications apport\u00e9es \u00e0 nos pratiques ou pour d&#039;autres raisons op\u00e9rationnelles, juridiques ou r\u00e9glementaires.<\/span><\/p>\n<p><span class=\"spark-text\">Mineurs<\/span><\/p>\n<p><span class=\"spark-text\">Le site Web n&#039;est pas destin\u00e9 aux personnes de moins de [18 ans].<\/span><\/p>\n<p><span class=\"spark-text\">Contactez-nous<\/span><\/p>\n<p><span class=\"spark-text\">Pour plus d&#039;informations sur nos pratiques de confidentialit\u00e9, si vous avez des questions ou si vous souhaitez d\u00e9poser une plainte, veuillez nous contacter par e-mail \u00e0 adibo@adibo.com ou par courrier en utilisant les coordonn\u00e9es fournies ci-dessous\u00a0:<\/span><\/p>\n<p><span class=\"spark-text\">Adibo Boutique officielle<\/span><br>305, 3e \u00e9tage, b\u00e2timent 2, parc industriel Hui Sheng Da, n\u00b0 29 Qingcui Road, communaut\u00e9 Qinghu, rue Longhua, district de Longhua, ville de Shenzhen, province du Guangdong, Chine.<br><\/p>\t\t\t\t\t\t<\/div>\n\t\t\t\t<\/div>\n\t\t\t\t\t<\/div>\n\t\t\t\t<\/div>\n\t\t\t\t\t\t\t<\/div>","protected":false},"excerpt":{"rendered":"<p>Politique de confidentialit\u00e9 Nous respectons profond\u00e9ment votre vie priv\u00e9e et nous engageons \u00e0 prot\u00e9ger vos informations personnelles. Cette politique de confidentialit\u00e9 vise \u00e0 d\u00e9crire la mani\u00e8re dont nous collectons, utilisons et partageons vos informations personnelles lorsque vous visitez ou effectuez des achats sur www.adibo.com (ci-apr\u00e8s d\u00e9nomm\u00e9 le \u00ab Site Web \u00bb). Informations personnelles que nous collectons Lorsque vous visitez le site Web, nous collectons automatiquement\u2026<\/p>\n<p class=\"read-more\"> <a class=\"\" href=\"https:\/\/adibo.com\/fr\/privacy-policy\"> <span class=\"screen-reader-text\">Politique De Confidentialit\u00e9<\/span> Lire la suite \u00bb<\/a><\/p>","protected":false},"author":1,"featured_media":0,"parent":0,"menu_order":0,"comment_status":"closed","ping_status":"closed","template":"","meta":{"om_disable_all_campaigns":false,"site-sidebar-layout":"no-sidebar","site-content-layout":"page-builder","ast-site-content-layout":"full-width-container","site-content-style":"default","site-sidebar-style":"default","ast-global-header-display":"","ast-banner-title-visibility":"","ast-main-header-display":"","ast-hfb-above-header-display":"","ast-hfb-below-header-display":"","ast-hfb-mobile-header-display":"","site-post-title":"disabled","ast-breadcrumbs-content":"","ast-featured-img":"disabled","footer-sml-layout":"","theme-transparent-header-meta":"default","adv-header-id-meta":"","stick-header-meta":"default","header-above-stick-meta":"","header-main-stick-meta":"","header-below-stick-meta":"","astra-migrate-meta-layouts":"set","ast-page-background-enabled":"default","ast-page-background-meta":{"desktop":{"background-color":"var(--ast-global-color-4)","background-image":"","background-repeat":"repeat","background-position":"center center","background-size":"auto","background-attachment":"scroll","background-type":"","background-media":"","overlay-type":"","overlay-color":"","overlay-gradient":""},"tablet":{"background-color":"","background-image":"","background-repeat":"repeat","background-position":"center center","background-size":"auto","background-attachment":"scroll","background-type":"","background-media":"","overlay-type":"","overlay-color":"","overlay-gradient":""},"mobile":{"background-color":"","background-image":"","background-repeat":"repeat","background-position":"center center","background-size":"auto","background-attachment":"scroll","background-type":"","background-media":"","overlay-type":"","overlay-color":"","overlay-gradient":""}},"ast-content-background-meta":{"desktop":{"background-color":"var(--ast-global-color-5)","background-image":"","background-repeat":"repeat","background-position":"center center","background-size":"auto","background-attachment":"scroll","background-type":"","background-media":"","overlay-type":"","overlay-color":"","overlay-gradient":""},"tablet":{"background-color":"var(--ast-global-color-5)","background-image":"","background-repeat":"repeat","background-position":"center center","background-size":"auto","background-attachment":"scroll","background-type":"","background-media":"","overlay-type":"","overlay-color":"","overlay-gradient":""},"mobile":{"background-color":"var(--ast-global-color-5)","background-image":"","background-repeat":"repeat","background-position":"center center","background-size":"auto","background-attachment":"scroll","background-type":"","background-media":"","overlay-type":"","overlay-color":"","overlay-gradient":""}},"footnotes":""},"class_list":["post-1475","page","type-page","status-publish","hentry"],"_links":{"self":[{"href":"https:\/\/adibo.com\/fr\/wp-json\/wp\/v2\/pages\/1475","targetHints":{"allow":["GET"]}}],"collection":[{"href":"https:\/\/adibo.com\/fr\/wp-json\/wp\/v2\/pages"}],"about":[{"href":"https:\/\/adibo.com\/fr\/wp-json\/wp\/v2\/types\/page"}],"author":[{"embeddable":true,"href":"https:\/\/adibo.com\/fr\/wp-json\/wp\/v2\/users\/1"}],"replies":[{"embeddable":true,"href":"https:\/\/adibo.com\/fr\/wp-json\/wp\/v2\/comments?post=1475"}],"version-history":[{"count":0,"href":"https:\/\/adibo.com\/fr\/wp-json\/wp\/v2\/pages\/1475\/revisions"}],"wp:attachment":[{"href":"https:\/\/adibo.com\/fr\/wp-json\/wp\/v2\/media?parent=1475"}],"curies":[{"name":"wp","href":"https:\/\/api.w.org\/{rel}","templated":true}]}}