{"id":1416,"date":"2023-12-18T16:16:09","date_gmt":"2023-12-18T08:16:09","guid":{"rendered":"http:\/\/adibo.ichuanghui.cn\/?page_id=1416"},"modified":"2024-03-29T11:16:15","modified_gmt":"2024-03-29T03:16:15","slug":"tkzc","status":"publish","type":"page","link":"https:\/\/adibo.com\/fr\/tkzc","title":{"rendered":"Politique de remboursement"},"content":{"rendered":"<div data-elementor-type=\"wp-page\" data-elementor-id=\"1416\" class=\"elementor elementor-1416\" data-elementor-post-type=\"page\">\n\t\t\t\t\t\t\t<div class=\"elementor-element elementor-element-d0c34fd e-flex e-con-boxed e-con e-parent\" data-id=\"d0c34fd\" data-element_type=\"container\" data-settings=\"{&quot;content_width&quot;:&quot;boxed&quot;}\" data-core-v316-plus=\"true\">\n\t\t\t\t\t<div class=\"e-con-inner\">\n\t\t\t\t<div class=\"elementor-element elementor-element-cd021fb elementor-widget elementor-widget-heading\" data-id=\"cd021fb\" data-element_type=\"widget\" data-widget_type=\"heading.default\">\n\t\t\t\t<div class=\"elementor-widget-container\">\n\t\t\t<style>\/*! elementor - v3.17.0 - 25-10-2023 *\/\n.elementor-heading-title{padding:0;margin:0;line-height:1}.elementor-widget-heading .elementor-heading-title[class*=elementor-size-]>a{color:inherit;font-size:inherit;line-height:inherit}.elementor-widget-heading .elementor-heading-title.elementor-size-small{font-size:15px}.elementor-widget-heading .elementor-heading-title.elementor-size-medium{font-size:19px}.elementor-widget-heading .elementor-heading-title.elementor-size-large{font-size:29px}.elementor-widget-heading .elementor-heading-title.elementor-size-xl{font-size:39px}.elementor-widget-heading .elementor-heading-title.elementor-size-xxl{font-size:59px}<\/style><h2 class=\"elementor-heading-title elementor-size-default\">Politique de remboursement\n\n<\/h2>\t\t<\/div>\n\t\t\t\t<\/div>\n\t\t\t\t<div class=\"elementor-element elementor-element-227f669 elementor-widget elementor-widget-text-editor\" data-id=\"227f669\" data-element_type=\"widget\" data-widget_type=\"text-editor.default\">\n\t\t\t\t<div class=\"elementor-widget-container\">\n\t\t\t<style>\/*! elementor - v3.17.0 - 25-10-2023 *\/\n.elementor-widget-text-editor.elementor-drop-cap-view-stacked .elementor-drop-cap{background-color:#69727d;color:#fff}.elementor-widget-text-editor.elementor-drop-cap-view-framed .elementor-drop-cap{color:#69727d;border:3px solid;background-color:transparent}.elementor-widget-text-editor:not(.elementor-drop-cap-view-default) .elementor-drop-cap{margin-top:8px}.elementor-widget-text-editor:not(.elementor-drop-cap-view-default) .elementor-drop-cap-letter{width:1em;height:1em}.elementor-widget-text-editor .elementor-drop-cap{float:left;text-align:center;line-height:1;font-size:50px}.elementor-widget-text-editor .elementor-drop-cap-letter{display:inline-block}<\/style>\t\t\t\t<p><span>Merci d&#039;avoir choisi de magasiner sur www.adibo.com. Nous nous engageons \u00e0 vous fournir des produits et services de haute qualit\u00e9 et \u00e0 garantir que votre exp\u00e9rience d&#039;achat soit aussi agr\u00e9able et sans souci que possible. Pour vous aider \u00e0 mieux comprendre notre processus et notre politique de remboursement, veuillez lire attentivement les informations ci-dessous\u00a0:<\/span><\/p>\n<p><strong><span>1. D\u00e9lai de remboursement\u00a0:<\/span><\/strong><span>&nbsp;\u00c0 compter de la date de votre achat, si vous devez retourner, rembourser ou \u00e9changer un article, assurez-vous de nous contacter dans les 30 jours. Cette p\u00e9riode est en place pour garantir que nous pouvons traiter efficacement votre demande. Apr\u00e8s 30 jours, nous ne pourrons plus proposer de remboursement.<\/span><\/p>\n<p><strong><span>2. Conditions de retour\u00a0:<\/span><\/strong><span>&nbsp;Pour garantir qu&#039;un article puisse \u00eatre retourn\u00e9 avec succ\u00e8s, veuillez vous assurer que le produit n&#039;a pas \u00e9t\u00e9 utilis\u00e9 et qu&#039;il est dans le m\u00eame \u00e9tat que lorsque vous l&#039;avez re\u00e7u. L&#039;article doit \u00e9galement \u00eatre dans son emballage d&#039;origine, avec tous les accessoires et manuels intacts.<\/span><\/p>\n<p><strong><span>3. Articles non retournables\u00a0:<\/span><\/strong><span>&nbsp;En raison de leur nature, certains articles ne peuvent pas \u00eatre retourn\u00e9s, comme les denr\u00e9es p\u00e9rissables comme la nourriture et les fleurs ; produits intimes ou d&#039;hygi\u00e8ne; mati\u00e8res dangereuses; liquides ou gaz inflammables\u00a0; cartes cadeaux; produits logiciels t\u00e9l\u00e9chargeables; et certains articles de sant\u00e9 et de soins personnels. Ces articles ne peuvent pas \u00eatre repris en raison de leur nature particuli\u00e8re qui emp\u00eache la revente.<\/span><\/p>\n<p><strong><span>4. Processus de remboursement\u00a0:<\/span><\/strong><span>&nbsp;Veuillez fournir une preuve d&#039;achat ou un num\u00e9ro de commande pour terminer le processus de remboursement. Ne renvoyez pas la marchandise directement au fabricant. Si vous devez retourner un article, veuillez contacter notre service client pour obtenir des instructions de retour d\u00e9taill\u00e9es.<\/span><\/p>\n<p><strong><span>5. Remboursements partiels\u00a0:<\/span><\/strong><span>&nbsp;Pour les articles tels que les livres pr\u00e9sentant des signes \u00e9vidents d&#039;utilisation, les CD, DVD, cassettes VHS ouverts, les logiciels, les jeux vid\u00e9o, les cassettes ou les disques vinyles, nous ne pouvons proposer qu&#039;un remboursement partiel. De plus, tous les articles endommag\u00e9s ou manquants, non dus \u00e0 notre erreur, peuvent \u00e9galement \u00eatre \u00e9ligibles \u00e0 un remboursement partiel seulement.<\/span><\/p>\n<p><strong><span>6. M\u00e9thode de remboursement\u00a0:<\/span><\/strong><span>&nbsp;Les remboursements seront effectu\u00e9s via le mode de paiement d&#039;origine. Si le mode de paiement d&#039;origine n&#039;est plus disponible, nous vous rembourserons via PayPal ou une autre m\u00e9thode. Veuillez noter que nous ne remboursons pas les frais d&#039;exp\u00e9dition initiaux.<\/span><\/p>\n<p><strong><span>7. Remboursements retard\u00e9s ou manquants\u00a0:<\/span><\/strong><span>&nbsp;Si vous n&#039;avez pas re\u00e7u votre remboursement dans le d\u00e9lai pr\u00e9vu, veuillez d&#039;abord v\u00e9rifier votre compte bancaire, puis contacter la soci\u00e9t\u00e9 \u00e9mettrice de votre carte de cr\u00e9dit ou votre banque. Si vous rencontrez toujours des probl\u00e8mes, n&#039;h\u00e9sitez pas \u00e0 contacter notre service client.<\/span><\/p>\n<p><strong><span>8. Articles en vente\u00a0:<\/span><\/strong><span>&nbsp;Veuillez noter que les articles en solde ou en promotion peuvent ne pas donner droit \u00e0 un remboursement. Assurez-vous d&#039;avoir soigneusement confirm\u00e9 les d\u00e9tails du produit avant l&#039;achat.<\/span><\/p>\n<p><strong><span>9. Options de cadeaux\u00a0:<\/span><\/strong><span>&nbsp;Si vous avez achet\u00e9 le produit en cadeau, le remboursement sera \u00e9mis sous forme de cr\u00e9dit en magasin \u00e0 l&#039;acheteur. Si le cadeau n&#039;a pas \u00e9t\u00e9 marqu\u00e9 comme cadeau au moment de l&#039;achat, ou si le donateur s&#039;est envoy\u00e9 la commande pour vous l&#039;offrir plus tard, le remboursement sera \u00e9mis \u00e0 l&#039;acheteur d&#039;origine.<\/span><\/p>\n<p><strong><span>10. Exp\u00e9dition de retour\u00a0:<\/span><\/strong><span>&nbsp;S&#039;il vous pla\u00eet, contactez-nous avant de retourner un article. L&#039;adresse de retour est la suivante\u00a0: 305, 3e \u00e9tage, b\u00e2timent 2, parc industriel Hui Sheng Da, n\u00b0 29 Qingcui Road, communaut\u00e9 Qinghu, rue Longhua, district de Longhua, ville de Shenzhen, province du Guangdong, Chine. Le co\u00fbt de l&#039;exp\u00e9dition de retour est le responsabilit\u00e9 de l&#039;acheteur. Si vous envoyez un article d&#039;une valeur sup\u00e9rieure \u00e0 $75, nous vous recommandons d&#039;utiliser un service d&#039;exp\u00e9dition tra\u00e7able ou de souscrire une assurance d&#039;exp\u00e9dition pour garantir la livraison en toute s\u00e9curit\u00e9 de l&#039;article. Nous ne garantissons pas que nous recevrons votre article retourn\u00e9.<\/span><\/p>\n<p><span>Nous comprenons que la satisfaction de chaque client est essentielle \u00e0 notre succ\u00e8s. Par cons\u00e9quent, nous vous encourageons \u00e0 communiquer avec le service client avant d&#039;effectuer un achat pour vous assurer que le produit r\u00e9pond \u00e0 vos besoins et ainsi r\u00e9duire la probabilit\u00e9 de retours. Cela contribue non seulement \u00e0 prot\u00e9ger vos droits de consommateur, mais \u00e9galement \u00e0 r\u00e9duire les d\u00e9chets et les co\u00fbts environnementaux. Merci de votre compr\u00e9hension et de votre coop\u00e9ration!<\/span><\/p>\t\t\t\t\t\t<\/div>\n\t\t\t\t<\/div>\n\t\t\t\t\t<\/div>\n\t\t\t\t<\/div>\n\t\t\t\t\t\t\t<\/div>","protected":false},"excerpt":{"rendered":"<p>Politique de remboursement Merci d&#039;avoir choisi de magasiner sur www.adibo.com. Nous nous engageons \u00e0 vous fournir des produits et services de haute qualit\u00e9 et \u00e0 garantir que votre exp\u00e9rience d&#039;achat soit aussi agr\u00e9able et sans souci que possible. Pour vous aider \u00e0 mieux comprendre notre processus et notre politique de remboursement, veuillez lire attentivement les informations ci-dessous : 1. D\u00e9lai de remboursement : \u00e0 partir du\u2026<\/p>\n<p class=\"read-more\"> <a class=\"\" href=\"https:\/\/adibo.com\/fr\/tkzc\"> <span class=\"screen-reader-text\">Politique de remboursement<\/span> Lire la suite \u00bb<\/a><\/p>","protected":false},"author":1,"featured_media":0,"parent":0,"menu_order":0,"comment_status":"closed","ping_status":"closed","template":"","meta":{"om_disable_all_campaigns":false,"site-sidebar-layout":"no-sidebar","site-content-layout":"page-builder","ast-site-content-layout":"full-width-container","site-content-style":"default","site-sidebar-style":"default","ast-global-header-display":"","ast-banner-title-visibility":"","ast-main-header-display":"","ast-hfb-above-header-display":"","ast-hfb-below-header-display":"","ast-hfb-mobile-header-display":"","site-post-title":"disabled","ast-breadcrumbs-content":"","ast-featured-img":"disabled","footer-sml-layout":"","theme-transparent-header-meta":"default","adv-header-id-meta":"","stick-header-meta":"default","header-above-stick-meta":"","header-main-stick-meta":"","header-below-stick-meta":"","astra-migrate-meta-layouts":"set","ast-page-background-enabled":"default","ast-page-background-meta":{"desktop":{"background-color":"var(--ast-global-color-4)","background-image":"","background-repeat":"repeat","background-position":"center center","background-size":"auto","background-attachment":"scroll","background-type":"","background-media":"","overlay-type":"","overlay-color":"","overlay-gradient":""},"tablet":{"background-color":"","background-image":"","background-repeat":"repeat","background-position":"center center","background-size":"auto","background-attachment":"scroll","background-type":"","background-media":"","overlay-type":"","overlay-color":"","overlay-gradient":""},"mobile":{"background-color":"","background-image":"","background-repeat":"repeat","background-position":"center center","background-size":"auto","background-attachment":"scroll","background-type":"","background-media":"","overlay-type":"","overlay-color":"","overlay-gradient":""}},"ast-content-background-meta":{"desktop":{"background-color":"var(--ast-global-color-5)","background-image":"","background-repeat":"repeat","background-position":"center center","background-size":"auto","background-attachment":"scroll","background-type":"","background-media":"","overlay-type":"","overlay-color":"","overlay-gradient":""},"tablet":{"background-color":"var(--ast-global-color-5)","background-image":"","background-repeat":"repeat","background-position":"center center","background-size":"auto","background-attachment":"scroll","background-type":"","background-media":"","overlay-type":"","overlay-color":"","overlay-gradient":""},"mobile":{"background-color":"var(--ast-global-color-5)","background-image":"","background-repeat":"repeat","background-position":"center center","background-size":"auto","background-attachment":"scroll","background-type":"","background-media":"","overlay-type":"","overlay-color":"","overlay-gradient":""}},"footnotes":""},"class_list":["post-1416","page","type-page","status-publish","hentry"],"_links":{"self":[{"href":"https:\/\/adibo.com\/fr\/wp-json\/wp\/v2\/pages\/1416","targetHints":{"allow":["GET"]}}],"collection":[{"href":"https:\/\/adibo.com\/fr\/wp-json\/wp\/v2\/pages"}],"about":[{"href":"https:\/\/adibo.com\/fr\/wp-json\/wp\/v2\/types\/page"}],"author":[{"embeddable":true,"href":"https:\/\/adibo.com\/fr\/wp-json\/wp\/v2\/users\/1"}],"replies":[{"embeddable":true,"href":"https:\/\/adibo.com\/fr\/wp-json\/wp\/v2\/comments?post=1416"}],"version-history":[{"count":0,"href":"https:\/\/adibo.com\/fr\/wp-json\/wp\/v2\/pages\/1416\/revisions"}],"wp:attachment":[{"href":"https:\/\/adibo.com\/fr\/wp-json\/wp\/v2\/media?parent=1416"}],"curies":[{"name":"wp","href":"https:\/\/api.w.org\/{rel}","templated":true}]}}