{"id":1475,"date":"2023-12-21T13:31:50","date_gmt":"2023-12-21T05:31:50","guid":{"rendered":"http:\/\/adibo.ichuanghui.cn\/?page_id=1475"},"modified":"2024-03-29T11:40:53","modified_gmt":"2024-03-29T03:40:53","slug":"privacy-policy","status":"publish","type":"page","link":"https:\/\/adibo.com\/es\/privacy-policy","title":{"rendered":"Pol\u00edtica De Privacidad"},"content":{"rendered":"<div data-elementor-type=\"wp-page\" data-elementor-id=\"1475\" class=\"elementor elementor-1475\" data-elementor-post-type=\"page\">\n\t\t\t\t\t\t\t<div class=\"elementor-element elementor-element-48ad4cc e-flex e-con-boxed e-con e-parent\" data-id=\"48ad4cc\" data-element_type=\"container\" data-settings=\"{&quot;content_width&quot;:&quot;boxed&quot;}\" data-core-v316-plus=\"true\">\n\t\t\t\t\t<div class=\"e-con-inner\">\n\t\t\t\t<div class=\"elementor-element elementor-element-db715d1 elementor-widget elementor-widget-heading\" data-id=\"db715d1\" data-element_type=\"widget\" data-widget_type=\"heading.default\">\n\t\t\t\t<div class=\"elementor-widget-container\">\n\t\t\t<style>\/*! elementor - v3.17.0 - 25-10-2023 *\/\n.elementor-heading-title{padding:0;margin:0;line-height:1}.elementor-widget-heading .elementor-heading-title[class*=elementor-size-]>a{color:inherit;font-size:inherit;line-height:inherit}.elementor-widget-heading .elementor-heading-title.elementor-size-small{font-size:15px}.elementor-widget-heading .elementor-heading-title.elementor-size-medium{font-size:19px}.elementor-widget-heading .elementor-heading-title.elementor-size-large{font-size:29px}.elementor-widget-heading .elementor-heading-title.elementor-size-xl{font-size:39px}.elementor-widget-heading .elementor-heading-title.elementor-size-xxl{font-size:59px}<\/style><h2 class=\"elementor-heading-title elementor-size-default\">Pol\u00edtica De Privacidad<\/h2>\t\t<\/div>\n\t\t\t\t<\/div>\n\t\t\t\t<div class=\"elementor-element elementor-element-2218c4d elementor-widget elementor-widget-text-editor\" data-id=\"2218c4d\" data-element_type=\"widget\" data-widget_type=\"text-editor.default\">\n\t\t\t\t<div class=\"elementor-widget-container\">\n\t\t\t<style>\/*! elementor - v3.17.0 - 25-10-2023 *\/\n.elementor-widget-text-editor.elementor-drop-cap-view-stacked .elementor-drop-cap{background-color:#69727d;color:#fff}.elementor-widget-text-editor.elementor-drop-cap-view-framed .elementor-drop-cap{color:#69727d;border:3px solid;background-color:transparent}.elementor-widget-text-editor:not(.elementor-drop-cap-view-default) .elementor-drop-cap{margin-top:8px}.elementor-widget-text-editor:not(.elementor-drop-cap-view-default) .elementor-drop-cap-letter{width:1em;height:1em}.elementor-widget-text-editor .elementor-drop-cap{float:left;text-align:center;line-height:1;font-size:50px}.elementor-widget-text-editor .elementor-drop-cap-letter{display:inline-block}<\/style>\t\t\t\t<p><span class=\"spark-text\">Respetamos profundamente su privacidad y estamos comprometidos a proteger su informaci\u00f3n personal. Esta Pol\u00edtica de Privacidad tiene como objetivo describir c\u00f3mo recopilamos, utilizamos y compartimos su informaci\u00f3n personal cuando visita o compra en www.adibo.com (en adelante, el &quot;Sitio web&quot;).<\/span><\/p>\n<p><span class=\"spark-text\">Informaci\u00f3n personal que recopilamos<\/span><\/p>\n<p><span class=\"spark-text\">Cuando visita el sitio web, recopilamos autom\u00e1ticamente cierta informaci\u00f3n sobre su dispositivo, incluido su navegador web, direcci\u00f3n IP, zona horaria y cierta informaci\u00f3n de las cookies instaladas en su dispositivo. Adem\u00e1s, mientras navega por el sitio web, tambi\u00e9n recopilamos informaci\u00f3n sobre las p\u00e1ginas web individuales o los productos que ve, los sitios web o los t\u00e9rminos de b\u00fasqueda que lo remitieron al sitio web y c\u00f3mo interact\u00faa con el sitio web. Nos referimos a esta informaci\u00f3n recopilada autom\u00e1ticamente como &quot;Informaci\u00f3n del dispositivo&quot;.<\/span><\/p>\n<p><span class=\"spark-text\">Utilizamos las siguientes tecnolog\u00edas para recopilar informaci\u00f3n del dispositivo:<\/span><\/p>\n<p><span class=\"spark-text\">Las \u201ccookies\u201d son archivos de datos que se colocan en su dispositivo o computadora y que generalmente contienen un identificador an\u00f3nimo \u00fanico. Para obtener m\u00e1s informaci\u00f3n sobre las cookies y c\u00f3mo desactivarlas, visite http:\/\/www.allaboutcookies.org.<\/span><\/p>\n<p><span class=\"spark-text\">Los \u201carchivos de registro\u201d rastrean las acciones que ocurren en el sitio web y recopilan datos que incluyen su direcci\u00f3n IP, tipo de navegador, proveedor de servicios de Internet, p\u00e1ginas de referencia\/salida y marcas de fecha\/hora.<\/span><\/p>\n<p><span class=\"spark-text\">Las \u201cbalizas web\u201d, las \u201cetiquetas\u201d y los \u201cp\u00edxeles\u201d son archivos electr\u00f3nicos que se utilizan para registrar c\u00f3mo navega por el sitio web.<\/span><\/p>\n<p><span class=\"spark-text\">Adem\u00e1s, cuando realiza una compra o intenta realizar una compra a trav\u00e9s del sitio web, recopilamos cierta informaci\u00f3n suya, incluido su nombre, direcci\u00f3n de facturaci\u00f3n, direcci\u00f3n de env\u00edo, informaci\u00f3n de pago (incluidos n\u00fameros de tarjetas de cr\u00e9dito [[inserte cualquier otro m\u00e9todo de pago aceptado] ]), direcci\u00f3n de correo electr\u00f3nico y n\u00famero de tel\u00e9fono. Nos referimos a esta informaci\u00f3n como &quot;Informaci\u00f3n del pedido&quot;.<\/span><\/p>\n<p><span class=\"spark-text\">Cuando nos referimos a &quot;Informaci\u00f3n personal&quot; en esta Pol\u00edtica de privacidad, nos referimos a Informaci\u00f3n del dispositivo e Informaci\u00f3n del pedido.<\/span><\/p>\n<p><span class=\"spark-text\">C\u00f3mo usamos tu informaci\u00f3n personal<\/span><\/p>\n<p><span class=\"spark-text\">Generalmente utilizamos la informaci\u00f3n de pedido que recopilamos para cumplir con cualquier pedido realizado a trav\u00e9s del sitio web (incluido el procesamiento de su informaci\u00f3n de pago, la organizaci\u00f3n de la entrega y el suministro de facturas y\/o confirmaciones de pedido). Adem\u00e1s, utilizamos esta informaci\u00f3n de pedido para:<\/span><\/p>\n<p><span class=\"spark-text\">Comunicarse contigo;<\/span>&nbsp;<span class=\"spark-text\">Examinar nuestros pedidos para detectar riesgos potenciales o fraude; y<\/span>&nbsp;<span class=\"spark-text\">Proporcionarle informaci\u00f3n o publicidad relacionada con nuestros productos o servicios seg\u00fan las preferencias que comparte con nosotros.<\/span><\/p>\n<p><span class=\"spark-text\">Compartir su informaci\u00f3n personal<\/span><\/p>\n<p><span class=\"spark-text\">Como se describi\u00f3 anteriormente, compartimos su Informaci\u00f3n personal con terceros para ayudarnos a usar su Informaci\u00f3n personal. Por ejemplo, utilizamos WooCommerce para impulsar nuestra tienda en l\u00ednea; puede leer m\u00e1s sobre c\u00f3mo WooCommerce usa su informaci\u00f3n personal aqu\u00ed: [insertar enlace]. Tambi\u00e9n podemos compartir su Informaci\u00f3n personal con otros terceros, como empresas de log\u00edstica, para organizar la entrega de sus pedidos.<\/span><\/p>\n<p><span class=\"spark-text\">Finalmente, tambi\u00e9n podemos compartir su Informaci\u00f3n personal para cumplir con las leyes y regulaciones aplicables, para responder a citaciones, \u00f3rdenes de registro u otras solicitudes legales de informaci\u00f3n que recibimos, o para proteger nuestros derechos de otro modo.<\/span><\/p>\n<p><span class=\"spark-text\">Publicidad conductual<\/span><\/p>\n<p><span class=\"spark-text\">Como se describi\u00f3 anteriormente, utilizamos su informaci\u00f3n personal para brindarle anuncios espec\u00edficos o comunicaciones de marketing que creemos que pueden ser de su inter\u00e9s. Para obtener m\u00e1s informaci\u00f3n sobre c\u00f3mo funciona la publicidad dirigida, puede visitar la p\u00e1gina educativa de Network Advertising Initiative (&quot;NAI&quot;) en http:\/\/www.networkadvertising.org\/understanding-online-advertising\/how-does-it-work.<\/span><\/p>\n<p><span class=\"spark-text\">Puede optar por no recibir publicidad dirigida utilizando los enlaces siguientes:<\/span><\/p>\n<p><span class=\"spark-text\">Facebook: https:\/\/www.facebook.com\/settings\/?tab=ads<\/span>&nbsp;<span class=\"spark-text\">Google: https:\/\/www.google.com\/settings\/ads\/anonymous<\/span>&nbsp;<span class=\"spark-text\">Bing: https:\/\/advertise.bingads.microsoft.com\/en-us\/resources\/policies\/personalized-ads<\/span>&nbsp;<span class=\"spark-text\">Adem\u00e1s, puede optar por no recibir algunos de estos servicios visitando el portal de exclusi\u00f3n voluntaria de Digital Advertising Alliance en: http:\/\/optout.aboutads.info\/.<\/span><\/p>\n<p><span class=\"spark-text\">No rastrear<\/span><\/p>\n<p><span class=\"spark-text\">Tenga en cuenta que no modificamos las pr\u00e1cticas de uso y recopilaci\u00f3n de datos de nuestro sitio web cuando vemos una se\u00f1al de No rastrear desde su navegador.<\/span><\/p>\n<p><span class=\"spark-text\">Tus derechos<\/span><\/p>\n<p><span class=\"spark-text\">Si es residente europeo, tiene derecho a acceder a la informaci\u00f3n personal que tenemos sobre usted y a solicitar que su informaci\u00f3n personal se corrija, actualice o elimine. Si desea ejercer este derecho, comun\u00edquese con nosotros utilizando la informaci\u00f3n de contacto a continuaci\u00f3n.<\/span><\/p>\n<p><span class=\"spark-text\">Adem\u00e1s, si usted es residente europeo, tenemos en cuenta que estamos procesando su informaci\u00f3n para cumplir con los contratos que podr\u00edamos tener con usted (por ejemplo, si realiza un pedido a trav\u00e9s del sitio web) o, de otro modo, perseguir nuestros intereses comerciales leg\u00edtimos como se describe anteriormente. . Adem\u00e1s, tenga en cuenta que su informaci\u00f3n se transferir\u00e1 fuera de Europa, incluidos Canad\u00e1 y Estados Unidos.<\/span><\/p>\n<p><span class=\"spark-text\">Retenci\u00f3n de datos<\/span><\/p>\n<p><span class=\"spark-text\">Cuando realiza un pedido a trav\u00e9s del sitio web, mantendremos la informaci\u00f3n de su pedido para nuestros registros a menos y hasta que nos solicite que eliminemos esta informaci\u00f3n.<\/span><\/p>\n<p><span class=\"spark-text\">Cambios<\/span><\/p>\n<p><span class=\"spark-text\">Podemos actualizar esta pol\u00edtica de privacidad de vez en cuando para reflejar, por ejemplo, cambios en nuestras pr\u00e1cticas o por otras razones operativas, legales o regulatorias.<\/span><\/p>\n<p><span class=\"spark-text\">Menores<\/span><\/p>\n<p><span class=\"spark-text\">El sitio web no est\u00e1 destinado a personas menores de [18 a\u00f1os].<\/span><\/p>\n<p><span class=\"spark-text\">Cont\u00e1ctenos<\/span><\/p>\n<p><span class=\"spark-text\">Para obtener m\u00e1s informaci\u00f3n sobre nuestras pr\u00e1cticas de privacidad, si tiene preguntas o si desea presentar una queja, comun\u00edquese con nosotros por correo electr\u00f3nico a adibo@adibo.com o por correo postal utilizando los detalles que se proporcionan a continuaci\u00f3n:<\/span><\/p>\n<p><span class=\"spark-text\">Tienda oficial de Adibo<\/span><br>305, 3er piso, Edificio 2, Parque Industrial Hui Sheng Da, No. 29 Qingcui Road, Comunidad Qinghu, Calle Longhua, Distrito de Longhua, Ciudad de Shenzhen, Provincia de Guangdong, China.<br><\/p>\t\t\t\t\t\t<\/div>\n\t\t\t\t<\/div>\n\t\t\t\t\t<\/div>\n\t\t\t\t<\/div>\n\t\t\t\t\t\t\t<\/div>","protected":false},"excerpt":{"rendered":"<p>Pol\u00edtica de privacidad Respetamos profundamente su privacidad y estamos comprometidos a proteger su informaci\u00f3n personal. Esta Pol\u00edtica de Privacidad tiene como objetivo describir c\u00f3mo recopilamos, utilizamos y compartimos su informaci\u00f3n personal cuando visita o compra en www.adibo.com (en adelante, el &quot;Sitio web&quot;). Informaci\u00f3n personal que recopilamos Cuando visita el sitio web, recopilamos autom\u00e1ticamente...<\/p>\n<p class=\"read-more\"> <a class=\"\" href=\"https:\/\/adibo.com\/es\/privacy-policy\"> <span class=\"screen-reader-text\">Pol\u00edtica De Privacidad<\/span> Leer m\u00e1s \u00bb<\/a><\/p>","protected":false},"author":1,"featured_media":0,"parent":0,"menu_order":0,"comment_status":"closed","ping_status":"closed","template":"","meta":{"om_disable_all_campaigns":false,"site-sidebar-layout":"no-sidebar","site-content-layout":"page-builder","ast-site-content-layout":"full-width-container","site-content-style":"default","site-sidebar-style":"default","ast-global-header-display":"","ast-banner-title-visibility":"","ast-main-header-display":"","ast-hfb-above-header-display":"","ast-hfb-below-header-display":"","ast-hfb-mobile-header-display":"","site-post-title":"disabled","ast-breadcrumbs-content":"","ast-featured-img":"disabled","footer-sml-layout":"","theme-transparent-header-meta":"default","adv-header-id-meta":"","stick-header-meta":"default","header-above-stick-meta":"","header-main-stick-meta":"","header-below-stick-meta":"","astra-migrate-meta-layouts":"set","ast-page-background-enabled":"default","ast-page-background-meta":{"desktop":{"background-color":"var(--ast-global-color-4)","background-image":"","background-repeat":"repeat","background-position":"center center","background-size":"auto","background-attachment":"scroll","background-type":"","background-media":"","overlay-type":"","overlay-color":"","overlay-gradient":""},"tablet":{"background-color":"","background-image":"","background-repeat":"repeat","background-position":"center center","background-size":"auto","background-attachment":"scroll","background-type":"","background-media":"","overlay-type":"","overlay-color":"","overlay-gradient":""},"mobile":{"background-color":"","background-image":"","background-repeat":"repeat","background-position":"center center","background-size":"auto","background-attachment":"scroll","background-type":"","background-media":"","overlay-type":"","overlay-color":"","overlay-gradient":""}},"ast-content-background-meta":{"desktop":{"background-color":"var(--ast-global-color-5)","background-image":"","background-repeat":"repeat","background-position":"center center","background-size":"auto","background-attachment":"scroll","background-type":"","background-media":"","overlay-type":"","overlay-color":"","overlay-gradient":""},"tablet":{"background-color":"var(--ast-global-color-5)","background-image":"","background-repeat":"repeat","background-position":"center center","background-size":"auto","background-attachment":"scroll","background-type":"","background-media":"","overlay-type":"","overlay-color":"","overlay-gradient":""},"mobile":{"background-color":"var(--ast-global-color-5)","background-image":"","background-repeat":"repeat","background-position":"center center","background-size":"auto","background-attachment":"scroll","background-type":"","background-media":"","overlay-type":"","overlay-color":"","overlay-gradient":""}},"footnotes":""},"class_list":["post-1475","page","type-page","status-publish","hentry"],"_links":{"self":[{"href":"https:\/\/adibo.com\/es\/wp-json\/wp\/v2\/pages\/1475","targetHints":{"allow":["GET"]}}],"collection":[{"href":"https:\/\/adibo.com\/es\/wp-json\/wp\/v2\/pages"}],"about":[{"href":"https:\/\/adibo.com\/es\/wp-json\/wp\/v2\/types\/page"}],"author":[{"embeddable":true,"href":"https:\/\/adibo.com\/es\/wp-json\/wp\/v2\/users\/1"}],"replies":[{"embeddable":true,"href":"https:\/\/adibo.com\/es\/wp-json\/wp\/v2\/comments?post=1475"}],"version-history":[{"count":0,"href":"https:\/\/adibo.com\/es\/wp-json\/wp\/v2\/pages\/1475\/revisions"}],"wp:attachment":[{"href":"https:\/\/adibo.com\/es\/wp-json\/wp\/v2\/media?parent=1475"}],"curies":[{"name":"wp","href":"https:\/\/api.w.org\/{rel}","templated":true}]}}