{"id":1416,"date":"2023-12-18T16:16:09","date_gmt":"2023-12-18T08:16:09","guid":{"rendered":"http:\/\/adibo.ichuanghui.cn\/?page_id=1416"},"modified":"2024-03-29T11:16:15","modified_gmt":"2024-03-29T03:16:15","slug":"tkzc","status":"publish","type":"page","link":"https:\/\/adibo.com\/es\/tkzc","title":{"rendered":"Pol\u00edtica de reembolso"},"content":{"rendered":"<div data-elementor-type=\"wp-page\" data-elementor-id=\"1416\" class=\"elementor elementor-1416\" data-elementor-post-type=\"page\">\n\t\t\t\t\t\t\t<div class=\"elementor-element elementor-element-d0c34fd e-flex e-con-boxed e-con e-parent\" data-id=\"d0c34fd\" data-element_type=\"container\" data-settings=\"{&quot;content_width&quot;:&quot;boxed&quot;}\" data-core-v316-plus=\"true\">\n\t\t\t\t\t<div class=\"e-con-inner\">\n\t\t\t\t<div class=\"elementor-element elementor-element-cd021fb elementor-widget elementor-widget-heading\" data-id=\"cd021fb\" data-element_type=\"widget\" data-widget_type=\"heading.default\">\n\t\t\t\t<div class=\"elementor-widget-container\">\n\t\t\t<style>\/*! elementor - v3.17.0 - 25-10-2023 *\/\n.elementor-heading-title{padding:0;margin:0;line-height:1}.elementor-widget-heading .elementor-heading-title[class*=elementor-size-]>a{color:inherit;font-size:inherit;line-height:inherit}.elementor-widget-heading .elementor-heading-title.elementor-size-small{font-size:15px}.elementor-widget-heading .elementor-heading-title.elementor-size-medium{font-size:19px}.elementor-widget-heading .elementor-heading-title.elementor-size-large{font-size:29px}.elementor-widget-heading .elementor-heading-title.elementor-size-xl{font-size:39px}.elementor-widget-heading .elementor-heading-title.elementor-size-xxl{font-size:59px}<\/style><h2 class=\"elementor-heading-title elementor-size-default\">Pol\u00edtica de reembolso\n\n<\/h2>\t\t<\/div>\n\t\t\t\t<\/div>\n\t\t\t\t<div class=\"elementor-element elementor-element-227f669 elementor-widget elementor-widget-text-editor\" data-id=\"227f669\" data-element_type=\"widget\" data-widget_type=\"text-editor.default\">\n\t\t\t\t<div class=\"elementor-widget-container\">\n\t\t\t<style>\/*! elementor - v3.17.0 - 25-10-2023 *\/\n.elementor-widget-text-editor.elementor-drop-cap-view-stacked .elementor-drop-cap{background-color:#69727d;color:#fff}.elementor-widget-text-editor.elementor-drop-cap-view-framed .elementor-drop-cap{color:#69727d;border:3px solid;background-color:transparent}.elementor-widget-text-editor:not(.elementor-drop-cap-view-default) .elementor-drop-cap{margin-top:8px}.elementor-widget-text-editor:not(.elementor-drop-cap-view-default) .elementor-drop-cap-letter{width:1em;height:1em}.elementor-widget-text-editor .elementor-drop-cap{float:left;text-align:center;line-height:1;font-size:50px}.elementor-widget-text-editor .elementor-drop-cap-letter{display:inline-block}<\/style>\t\t\t\t<p><span>Gracias por elegir comprar en www.adibo.com. Estamos comprometidos a brindarle productos y servicios de alta calidad y a garantizar que su experiencia de compra sea lo m\u00e1s placentera y sin preocupaciones posible. Para ayudarlo a comprender mejor nuestro proceso y pol\u00edtica de reembolso, lea atentamente la siguiente informaci\u00f3n:<\/span><\/p>\n<p><strong><span>1. L\u00edmite de tiempo de reembolso:<\/span><\/strong><span>&nbsp;A partir de la fecha de su compra, si necesita devolver, reembolsar o cambiar un art\u00edculo, aseg\u00farese de contactarnos dentro de los 30 d\u00edas. Este per\u00edodo est\u00e1 vigente para garantizar que podamos procesar eficazmente su solicitud. Despu\u00e9s de 30 d\u00edas, no podremos ofrecer un reembolso.<\/span><\/p>\n<p><strong><span>2. Condiciones de devoluci\u00f3n:<\/span><\/strong><span>&nbsp;Para garantizar que un art\u00edculo se pueda devolver correctamente, aseg\u00farese de que el producto no haya sido usado y est\u00e9 en las mismas condiciones que cuando lo recibi\u00f3. El art\u00edculo tambi\u00e9n debe estar en su embalaje original, con todos los accesorios y manuales intactos.<\/span><\/p>\n<p><strong><span>3. Art\u00edculos no retornables:<\/span><\/strong><span>&nbsp;Por su naturaleza, algunos art\u00edculos no se pueden devolver, como productos perecederos como alimentos y flores; productos \u00edntimos o de higiene; materiales peligrosos; l\u00edquidos o gases inflamables; tarjetas de regalo; productos de software descargables; y ciertos art\u00edculos de salud y cuidado personal. Estos art\u00edculos no son retornables debido a su naturaleza especial, que impide su reventa.<\/span><\/p>\n<p><strong><span>4. Proceso de reembolso:<\/span><\/strong><span>&nbsp;Proporcione un comprobante de compra o un n\u00famero de pedido para completar el proceso de reembolso. No devuelva la mercanc\u00eda directamente al fabricante. Si necesita devolver un art\u00edculo, comun\u00edquese con nuestro equipo de servicio al cliente para obtener instrucciones detalladas sobre la devoluci\u00f3n.<\/span><\/p>\n<p><strong><span>5. Reembolsos Parciales:<\/span><\/strong><span>&nbsp;Para art\u00edculos como libros con signos evidentes de uso, CD, DVD, cintas VHS, software, videojuegos, cintas de casete o discos de vinilo abiertos, es posible que solo ofrezcamos un reembolso parcial. Adem\u00e1s, cualquier art\u00edculo que est\u00e9 da\u00f1ado o le falten piezas que no se deban a nuestro error tambi\u00e9n puede ser elegible para un reembolso parcial.<\/span><\/p>\n<p><strong><span>6. M\u00e9todo de reembolso:<\/span><\/strong><span>&nbsp;Los reembolsos se emitir\u00e1n a trav\u00e9s del m\u00e9todo de pago original. Si el m\u00e9todo de pago original ya no est\u00e1 disponible, le reembolsaremos a trav\u00e9s de PayPal u otro m\u00e9todo. Tenga en cuenta que no reembolsamos los gastos de env\u00edo originales.<\/span><\/p>\n<p><strong><span>7. Reembolsos retrasados o faltantes:<\/span><\/strong><span>&nbsp;Si no ha recibido su reembolso dentro del plazo previsto, primero verifique su cuenta bancaria y luego comun\u00edquese con la compa\u00f1\u00eda de su tarjeta de cr\u00e9dito o con el banco. Si a\u00fan tiene problemas, no dude en ponerse en contacto con nuestro servicio de atenci\u00f3n al cliente.<\/span><\/p>\n<p><strong><span>8. Art\u00edculos en oferta:<\/span><\/strong><span>&nbsp;Tenga en cuenta que los art\u00edculos en oferta o promocionales pueden no ser elegibles para reembolsos. Aseg\u00farese de haber confirmado cuidadosamente los detalles del producto antes de comprarlo.<\/span><\/p>\n<p><strong><span>9. Opciones de regalo:<\/span><\/strong><span>&nbsp;Si compr\u00f3 el producto como regalo, el reembolso se emitir\u00e1 en forma de cr\u00e9dito de la tienda al comprador. Si el regalo no estaba marcado como regalo en el momento de la compra, o si el donante se envi\u00f3 el pedido a s\u00ed mismo para entreg\u00e1rselo m\u00e1s tarde, el reembolso se emitir\u00e1 al comprador original.<\/span><\/p>\n<p><strong><span>10. Env\u00edo de devoluci\u00f3n:<\/span><\/strong><span>&nbsp;Por favor cont\u00e1ctenos antes de devolver un art\u00edculo. La direcci\u00f3n de devoluci\u00f3n es: 305, 3er piso, Edificio 2, Hui Sheng Da Industrial Park, No. 29 Qingcui Road, Qinghu Community, Longhua Street, Longhua District, Shenzhen City, Guangdong Province, China. El costo del env\u00edo de devoluci\u00f3n es el responsabilidad del comprador. Si env\u00eda un art\u00edculo con un valor superior a $75, le recomendamos utilizar un servicio de env\u00edo rastreable o adquirir un seguro de env\u00edo para garantizar la entrega segura del art\u00edculo. No garantizamos que recibiremos su art\u00edculo devuelto.<\/span><\/p>\n<p><span>Entendemos que la satisfacci\u00f3n de cada cliente es vital para nuestro \u00e9xito. Por lo tanto, le recomendamos que se comunique con el servicio de atenci\u00f3n al cliente antes de realizar una compra para asegurarse de que el producto satisface sus necesidades y as\u00ed reducir la probabilidad de devoluciones. Esto no s\u00f3lo ayuda a proteger sus derechos como consumidor, sino que tambi\u00e9n ayuda a reducir los residuos y los costos ambientales. \u00a1Gracias por su comprensi\u00f3n y cooperaci\u00f3n!<\/span><\/p>\t\t\t\t\t\t<\/div>\n\t\t\t\t<\/div>\n\t\t\t\t\t<\/div>\n\t\t\t\t<\/div>\n\t\t\t\t\t\t\t<\/div>","protected":false},"excerpt":{"rendered":"<p>Pol\u00edtica de reembolso Gracias por elegir comprar en www.adibo.com. Estamos comprometidos a brindarle productos y servicios de alta calidad y a garantizar que su experiencia de compra sea lo m\u00e1s placentera y sin preocupaciones posible. Para ayudarlo a comprender mejor nuestro proceso y pol\u00edtica de reembolso, lea atentamente la siguiente informaci\u00f3n: 1. L\u00edmite de tiempo de reembolso: desde el...<\/p>\n<p class=\"read-more\"> <a class=\"\" href=\"https:\/\/adibo.com\/es\/tkzc\"> <span class=\"screen-reader-text\">Pol\u00edtica de reembolso<\/span> Leer m\u00e1s \u00bb<\/a><\/p>","protected":false},"author":1,"featured_media":0,"parent":0,"menu_order":0,"comment_status":"closed","ping_status":"closed","template":"","meta":{"om_disable_all_campaigns":false,"site-sidebar-layout":"no-sidebar","site-content-layout":"page-builder","ast-site-content-layout":"full-width-container","site-content-style":"default","site-sidebar-style":"default","ast-global-header-display":"","ast-banner-title-visibility":"","ast-main-header-display":"","ast-hfb-above-header-display":"","ast-hfb-below-header-display":"","ast-hfb-mobile-header-display":"","site-post-title":"disabled","ast-breadcrumbs-content":"","ast-featured-img":"disabled","footer-sml-layout":"","theme-transparent-header-meta":"default","adv-header-id-meta":"","stick-header-meta":"default","header-above-stick-meta":"","header-main-stick-meta":"","header-below-stick-meta":"","astra-migrate-meta-layouts":"set","ast-page-background-enabled":"default","ast-page-background-meta":{"desktop":{"background-color":"var(--ast-global-color-4)","background-image":"","background-repeat":"repeat","background-position":"center center","background-size":"auto","background-attachment":"scroll","background-type":"","background-media":"","overlay-type":"","overlay-color":"","overlay-gradient":""},"tablet":{"background-color":"","background-image":"","background-repeat":"repeat","background-position":"center center","background-size":"auto","background-attachment":"scroll","background-type":"","background-media":"","overlay-type":"","overlay-color":"","overlay-gradient":""},"mobile":{"background-color":"","background-image":"","background-repeat":"repeat","background-position":"center center","background-size":"auto","background-attachment":"scroll","background-type":"","background-media":"","overlay-type":"","overlay-color":"","overlay-gradient":""}},"ast-content-background-meta":{"desktop":{"background-color":"var(--ast-global-color-5)","background-image":"","background-repeat":"repeat","background-position":"center center","background-size":"auto","background-attachment":"scroll","background-type":"","background-media":"","overlay-type":"","overlay-color":"","overlay-gradient":""},"tablet":{"background-color":"var(--ast-global-color-5)","background-image":"","background-repeat":"repeat","background-position":"center center","background-size":"auto","background-attachment":"scroll","background-type":"","background-media":"","overlay-type":"","overlay-color":"","overlay-gradient":""},"mobile":{"background-color":"var(--ast-global-color-5)","background-image":"","background-repeat":"repeat","background-position":"center center","background-size":"auto","background-attachment":"scroll","background-type":"","background-media":"","overlay-type":"","overlay-color":"","overlay-gradient":""}},"footnotes":""},"class_list":["post-1416","page","type-page","status-publish","hentry"],"_links":{"self":[{"href":"https:\/\/adibo.com\/es\/wp-json\/wp\/v2\/pages\/1416","targetHints":{"allow":["GET"]}}],"collection":[{"href":"https:\/\/adibo.com\/es\/wp-json\/wp\/v2\/pages"}],"about":[{"href":"https:\/\/adibo.com\/es\/wp-json\/wp\/v2\/types\/page"}],"author":[{"embeddable":true,"href":"https:\/\/adibo.com\/es\/wp-json\/wp\/v2\/users\/1"}],"replies":[{"embeddable":true,"href":"https:\/\/adibo.com\/es\/wp-json\/wp\/v2\/comments?post=1416"}],"version-history":[{"count":0,"href":"https:\/\/adibo.com\/es\/wp-json\/wp\/v2\/pages\/1416\/revisions"}],"wp:attachment":[{"href":"https:\/\/adibo.com\/es\/wp-json\/wp\/v2\/media?parent=1416"}],"curies":[{"name":"wp","href":"https:\/\/api.w.org\/{rel}","templated":true}]}}