{"id":223,"date":"2022-09-13T10:21:21","date_gmt":"2022-09-13T10:21:21","guid":{"rendered":"http:\/\/adibo.ichuanghui.cn\/index.php\/about-us\/"},"modified":"2026-04-13T15:10:10","modified_gmt":"2026-04-13T07:10:10","slug":"about-us","status":"publish","type":"page","link":"https:\/\/adibo.com\/de\/about-us","title":{"rendered":"\u00dcber Uns"},"content":{"rendered":"<div data-elementor-type=\"wp-page\" data-elementor-id=\"223\" class=\"elementor elementor-223\" data-elementor-post-type=\"page\">\n\t\t\t\t\t\t\t<div class=\"elementor-element elementor-element-9edfae7 e-con-full e-flex e-con e-parent\" data-id=\"9edfae7\" data-element_type=\"container\" data-settings=\"{&quot;content_width&quot;:&quot;full&quot;}\" data-core-v316-plus=\"true\">\n\t\t\t\t<\/div>\n\t\t<div class=\"elementor-element elementor-element-eaee5bc e-flex e-con-boxed e-con e-parent\" data-id=\"eaee5bc\" data-element_type=\"container\" data-settings=\"{&quot;content_width&quot;:&quot;boxed&quot;}\" data-core-v316-plus=\"true\">\n\t\t\t\t\t<div class=\"e-con-inner\">\n\t\t<div class=\"elementor-element elementor-element-42cd4b5 e-con-full e-flex e-con e-child\" data-id=\"42cd4b5\" data-element_type=\"container\" data-settings=\"{&quot;content_width&quot;:&quot;full&quot;}\">\n\t\t\t\t<div class=\"elementor-element elementor-element-1773308 elementor-widget elementor-widget-heading\" data-id=\"1773308\" data-element_type=\"widget\" data-widget_type=\"heading.default\">\n\t\t\t\t<div class=\"elementor-widget-container\">\n\t\t\t<style>\/*! elementor - v3.17.0 - 25-10-2023 *\/\n.elementor-heading-title{padding:0;margin:0;line-height:1}.elementor-widget-heading .elementor-heading-title[class*=elementor-size-]>a{color:inherit;font-size:inherit;line-height:inherit}.elementor-widget-heading .elementor-heading-title.elementor-size-small{font-size:15px}.elementor-widget-heading .elementor-heading-title.elementor-size-medium{font-size:19px}.elementor-widget-heading .elementor-heading-title.elementor-size-large{font-size:29px}.elementor-widget-heading .elementor-heading-title.elementor-size-xl{font-size:39px}.elementor-widget-heading .elementor-heading-title.elementor-size-xxl{font-size:59px}<\/style><h2 class=\"elementor-heading-title elementor-size-default\">Unternehmensprofil<\/h2>\t\t<\/div>\n\t\t\t\t<\/div>\n\t\t<div class=\"elementor-element elementor-element-6d0bbf4 elementor-hidden-desktop elementor-hidden-tablet e-flex e-con-boxed e-con e-child\" data-id=\"6d0bbf4\" data-element_type=\"container\" data-settings=\"{&quot;content_width&quot;:&quot;boxed&quot;}\">\n\t\t\t\t\t<div class=\"e-con-inner\">\n\t\t<div class=\"elementor-element elementor-element-6b00993 e-flex e-con-boxed e-con e-child\" data-id=\"6b00993\" data-element_type=\"container\" data-settings=\"{&quot;content_width&quot;:&quot;boxed&quot;}\">\n\t\t\t\t\t<div class=\"e-con-inner\">\n\t\t\t\t<div class=\"elementor-element elementor-element-da14f22 elementor-widget elementor-widget-image\" data-id=\"da14f22\" data-element_type=\"widget\" data-widget_type=\"image.default\">\n\t\t\t\t<div class=\"elementor-widget-container\">\n\t\t\t<style>\/*! elementor - v3.17.0 - 25-10-2023 *\/\n.elementor-widget-image{text-align:center}.elementor-widget-image a{display:inline-block}.elementor-widget-image a img[src$=\".svg\"]{width:48px}.elementor-widget-image img{vertical-align:middle;display:inline-block}<\/style>\t\t\t\t\t\t\t\t\t\t\t\t<img fetchpriority=\"high\" decoding=\"async\" width=\"295\" height=\"331\" src=\"https:\/\/adibo.com\/wp-content\/uploads\/2024\/03\/1214104313.jpg\" class=\"attachment-large size-large wp-image-1889\" alt=\"\" srcset=\"https:\/\/adibo.com\/wp-content\/uploads\/2024\/03\/1214104313.jpg 295w, https:\/\/adibo.com\/wp-content\/uploads\/2024\/03\/1214104313-267x300.jpg 267w, https:\/\/adibo.com\/wp-content\/uploads\/2024\/03\/1214104313-11x12.jpg 11w\" sizes=\"(max-width: 295px) 100vw, 295px\" \/>\t\t\t\t\t\t\t\t\t\t\t\t\t\t\t<\/div>\n\t\t\t\t<\/div>\n\t\t\t\t\t<\/div>\n\t\t\t\t<\/div>\n\t\t\t\t<div class=\"elementor-element elementor-element-f18cbbf elementor-widget elementor-widget-heading\" data-id=\"f18cbbf\" data-element_type=\"widget\" data-widget_type=\"heading.default\">\n\t\t\t\t<div class=\"elementor-widget-container\">\n\t\t\t<p class=\"elementor-heading-title elementor-size-default\">\u827e\u8fea\u5bf6\u667a\u80fd\u80a1\u4efd\u6709\u9650\u516c\u53f8 ADIBO Company was established in 2008. We have business operations in China and Taiwan. Our mission is to provide professional and intelligent sports training equipment for sports enthusiasts and coaches worldwide. With a corporate culture of satisfying user needs, adhering to excellent quality, committing to research and development innovation, and expanding global marketing, our entire staff continuously strives to excel. Currently, the company owns two major product lines, including badminton and tennis smart ball machines. These products are sold in many countries globally and have received high recognition from\ncustomers everywhere, as well as winning numerous awards. Looking forward to the future, ADIBO\nwill continue to pursue its established mission, constantly developing more outstanding\ntraining equipment, and creating more value for the global community passionate about sports.\u200b<\/p>\t\t<\/div>\n\t\t\t\t<\/div>\n\t\t<div class=\"elementor-element elementor-element-c71951c e-flex e-con-boxed e-con e-child\" data-id=\"c71951c\" data-element_type=\"container\" data-settings=\"{&quot;content_width&quot;:&quot;boxed&quot;}\">\n\t\t\t\t\t<div class=\"e-con-inner\">\n\t\t\t\t<div class=\"elementor-element elementor-element-b90e8b6 elementor-widget elementor-widget-image\" data-id=\"b90e8b6\" data-element_type=\"widget\" data-widget_type=\"image.default\">\n\t\t\t\t<div class=\"elementor-widget-container\">\n\t\t\t\t\t\t\t\t\t\t\t\t\t\t\t<img decoding=\"async\" width=\"326\" height=\"340\" src=\"https:\/\/adibo.com\/wp-content\/uploads\/2024\/03\/214104424.jpg\" class=\"attachment-large size-large wp-image-1888\" alt=\"\" srcset=\"https:\/\/adibo.com\/wp-content\/uploads\/2024\/03\/214104424.jpg 326w, https:\/\/adibo.com\/wp-content\/uploads\/2024\/03\/214104424-288x300.jpg 288w, https:\/\/adibo.com\/wp-content\/uploads\/2024\/03\/214104424-12x12.jpg 12w\" sizes=\"(max-width: 326px) 100vw, 326px\" \/>\t\t\t\t\t\t\t\t\t\t\t\t\t\t\t<\/div>\n\t\t\t\t<\/div>\n\t\t\t\t\t<\/div>\n\t\t\t\t<\/div>\n\t\t\t\t<div class=\"elementor-element elementor-element-d105d47 elementor-widget elementor-widget-heading\" data-id=\"d105d47\" data-element_type=\"widget\" data-widget_type=\"heading.default\">\n\t\t\t\t<div class=\"elementor-widget-container\">\n\t\t\t<p class=\"elementor-heading-title elementor-size-default\">Im Jahr 2010 unterzeichnete ADIBO einen Vertrag mit dem Cheftrainer des Chinese Taipei-Teams und lud ihn ein, als Berater f\u00fcr Produktforschung und -entwicklung zu fungieren. Zudem begann man eine Zusammenarbeit mit dem Sports Science Research Institute des Taipei College of Physical Education. Diese Partnerschaften f\u00fchrten zur Entwicklung mehrerer patentierter Produkte, wie beispielsweise des \u201eBadmintonschl\u00e4gers mit fester Schlagkraft\u201c, der f\u00fcr unterschiedliche Anforderungen an die Bespannung konzipiert wurde, der \u201eBadmintonschuhe mit Doppel-A-Schlagkraft\u201c mit doppeltem Schutz, der teleskopischen Power-Schn\u00fcrsenkel und des \u201eiBat Smart Badminton Rackets\u201c, der mit einem Smart Chip ausgestattet ist. Diese innovativen Produkte wurden entwickelt, um Kunden bessere und fortschrittlichere professionelle Sportausr\u00fcstung zu bieten.\n<\/p>\t\t<\/div>\n\t\t\t\t<\/div>\n\t\t<div class=\"elementor-element elementor-element-4c91470 e-flex e-con-boxed e-con e-child\" data-id=\"4c91470\" data-element_type=\"container\" data-settings=\"{&quot;content_width&quot;:&quot;boxed&quot;}\">\n\t\t\t\t\t<div class=\"e-con-inner\">\n\t\t\t\t<div class=\"elementor-element elementor-element-75d7ad1 elementor-widget elementor-widget-image\" data-id=\"75d7ad1\" data-element_type=\"widget\" data-widget_type=\"image.default\">\n\t\t\t\t<div class=\"elementor-widget-container\">\n\t\t\t\t\t\t\t\t\t\t\t\t\t\t\t<img decoding=\"async\" width=\"324\" height=\"332\" src=\"https:\/\/adibo.com\/wp-content\/uploads\/2024\/03\/14104407.jpg\" class=\"attachment-large size-large wp-image-1887\" alt=\"\" srcset=\"https:\/\/adibo.com\/wp-content\/uploads\/2024\/03\/14104407.jpg 324w, https:\/\/adibo.com\/wp-content\/uploads\/2024\/03\/14104407-293x300.jpg 293w, https:\/\/adibo.com\/wp-content\/uploads\/2024\/03\/14104407-12x12.jpg 12w\" sizes=\"(max-width: 324px) 100vw, 324px\" \/>\t\t\t\t\t\t\t\t\t\t\t\t\t\t\t<\/div>\n\t\t\t\t<\/div>\n\t\t\t\t\t<\/div>\n\t\t\t\t<\/div>\n\t\t\t\t<div class=\"elementor-element elementor-element-e292d3a elementor-widget elementor-widget-heading\" data-id=\"e292d3a\" data-element_type=\"widget\" data-widget_type=\"heading.default\">\n\t\t\t\t<div class=\"elementor-widget-container\">\n\t\t\t<p class=\"elementor-heading-title elementor-size-default\">2018 f\u00fchrte ADIBO den Branchentrend an, indem es einen intelligenten Badminton-Federballwerfer auf den Markt brachte. Dieses Badminton-Trainingsger\u00e4t ist das Ergebnis jahrelanger unabh\u00e4ngiger Forschung und Entwicklung, verf\u00fcgt \u00fcber unabh\u00e4ngige geistige Eigentumsrechte und unterst\u00fctzt ein gemeinsames Lademodell, was unser unerm\u00fcdliches Streben nach technologischer Innovation zeigt. Bis 2023 hatten wir erneut technische Barrieren durchbrochen und den Badminton-Federballwerfer A260 auf den Markt gebracht. Dieser Werfer verf\u00fcgt \u00fcber eine KI-Technologie zur Geschwindigkeits\u00e4nderung und kann die t\u00e4glichen Trainingsanforderungen der Spieler vollst\u00e4ndig erf\u00fcllen. Er kann nicht nur autonom verschiedene Federballbahnen festlegen und so Lehreinrichtungen bei ihrem Unterricht besser unterst\u00fctzen, sondern verf\u00fcgt auch \u00fcber integrierte, vielseitige Federballbahnen, die es den Auszubildenden bequemer machen, zu \u00fcben und ihre F\u00e4higkeiten schnell zu verbessern.<\/p>\t\t<\/div>\n\t\t\t\t<\/div>\n\t\t\t\t\t<\/div>\n\t\t\t\t<\/div>\n\t\t\t\t<\/div>\n\t\t<div class=\"elementor-element elementor-element-7dd49bd e-con-full elementor-hidden-mobile e-flex e-con e-child\" data-id=\"7dd49bd\" data-element_type=\"container\" data-settings=\"{&quot;content_width&quot;:&quot;full&quot;}\">\n\t\t<div class=\"elementor-element elementor-element-186f143b e-con-full e-flex e-con e-child\" data-id=\"186f143b\" data-element_type=\"container\" data-settings=\"{&quot;content_width&quot;:&quot;full&quot;,&quot;position&quot;:&quot;absolute&quot;}\">\n\t\t\t\t<div class=\"elementor-element elementor-element-66d114d8 elementor-hidden-mobile elementor-widget elementor-widget-heading\" data-id=\"66d114d8\" data-element_type=\"widget\" data-widget_type=\"heading.default\">\n\t\t\t\t<div class=\"elementor-widget-container\">\n\t\t\t<h2 class=\"elementor-heading-title elementor-size-default\">\u827e\u8fea\u5bf6\u667a\u80fd\u80a1\u4efd\u6709\u9650\u516c\u53f8 ADIBO Company was established in 2008. We have business operations in China and Taiwan. Our mission is to provide professional and intelligent sports training equipment for sports enthusiasts and coaches worldwide. With a corporate culture of satisfying user needs, adhering to excellent quality, committing to research and development innovation, and expanding global marketing, our entire staff continuously strives to excel. Currently, the company owns two major product lines, including badminton and tennis smart ball machines. These products are sold in many countries globally and have received high recognition from\ncustomers everywhere, as well as winning numerous awards. Looking forward to the future, ADIBO\nwill continue to pursue its established mission, constantly developing more outstanding\ntraining equipment, and creating more value for the global community passionate about sports.<\/h2>\t\t<\/div>\n\t\t\t\t<\/div>\n\t\t\t\t<\/div>\n\t\t\t\t<div class=\"elementor-element elementor-element-2cd3fcf8 elementor-widget elementor-widget-image\" data-id=\"2cd3fcf8\" data-element_type=\"widget\" data-widget_type=\"image.default\">\n\t\t\t\t<div class=\"elementor-widget-container\">\n\t\t\t\t\t\t\t\t\t\t\t\t\t\t\t<img loading=\"lazy\" decoding=\"async\" width=\"1024\" height=\"338\" src=\"https:\/\/adibo.com\/wp-content\/uploads\/2024\/03\/1-1024x338-1.png\" class=\"attachment-large size-large wp-image-1890\" alt=\"\" srcset=\"https:\/\/adibo.com\/wp-content\/uploads\/2024\/03\/1-1024x338-1.png 1024w, https:\/\/adibo.com\/wp-content\/uploads\/2024\/03\/1-1024x338-1-300x99.png 300w, https:\/\/adibo.com\/wp-content\/uploads\/2024\/03\/1-1024x338-1-768x254.png 768w, https:\/\/adibo.com\/wp-content\/uploads\/2024\/03\/1-1024x338-1-18x6.png 18w\" sizes=\"(max-width: 1024px) 100vw, 1024px\" \/>\t\t\t\t\t\t\t\t\t\t\t\t\t\t\t<\/div>\n\t\t\t\t<\/div>\n\t\t\t\t<\/div>\n\t\t<div class=\"elementor-element elementor-element-1e4ca0c e-con-full elementor-hidden-mobile e-flex e-con e-child\" data-id=\"1e4ca0c\" data-element_type=\"container\" data-settings=\"{&quot;content_width&quot;:&quot;full&quot;}\">\n\t\t<div class=\"elementor-element elementor-element-8154c11 e-con-full e-flex e-con e-child\" data-id=\"8154c11\" data-element_type=\"container\" data-settings=\"{&quot;content_width&quot;:&quot;full&quot;,&quot;position&quot;:&quot;absolute&quot;}\">\n\t\t\t\t<div class=\"elementor-element elementor-element-c996086 elementor-widget elementor-widget-heading\" data-id=\"c996086\" data-element_type=\"widget\" data-widget_type=\"heading.default\">\n\t\t\t\t<div class=\"elementor-widget-container\">\n\t\t\t<h2 class=\"elementor-heading-title elementor-size-default\">Im Jahr 2010 unterzeichnete ADIBO einen Vertrag mit dem Cheftrainer des Chinese Taipei-Teams und lud ihn ein, als Berater f\u00fcr Produktforschung und -entwicklung zu fungieren, und initiierte eine Zusammenarbeit mit dem Sports Science Research Institute des Taipei College of Physical Education. Diese Partnerschaften f\u00fchrten zur Entwicklung mehrerer patentierter Produkte, wie zum Beispiel dem \u201eFixed-Poundage-Badmintonschl\u00e4ger\u201c, der f\u00fcr unterschiedliche Bespannungsanforderungen entwickelt wurde, den \u201eDouble-A-Badmintonschuhen\u201c mit doppeltem Schutz, den teleskopischen Power-Schn\u00fcrsenkeln und dem \u201eiBat smart\u201c. Badmintonschl\u00e4ger\u201c ausgestattet mit einem Smart Chip. Diese innovativen Produkte sollen den Kunden bessere und fortschrittlichere professionelle Sportausr\u00fcstung bieten.<\/h2>\t\t<\/div>\n\t\t\t\t<\/div>\n\t\t\t\t<\/div>\n\t\t\t\t<div class=\"elementor-element elementor-element-269166ad elementor-widget elementor-widget-image\" data-id=\"269166ad\" data-element_type=\"widget\" data-widget_type=\"image.default\">\n\t\t\t\t<div class=\"elementor-widget-container\">\n\t\t\t\t\t\t\t\t\t\t\t\t\t\t\t<img loading=\"lazy\" decoding=\"async\" width=\"1024\" height=\"338\" src=\"https:\/\/adibo.com\/wp-content\/uploads\/2024\/03\/2-1024x338-1.png\" class=\"attachment-large size-large wp-image-1891\" alt=\"\" srcset=\"https:\/\/adibo.com\/wp-content\/uploads\/2024\/03\/2-1024x338-1.png 1024w, https:\/\/adibo.com\/wp-content\/uploads\/2024\/03\/2-1024x338-1-300x99.png 300w, https:\/\/adibo.com\/wp-content\/uploads\/2024\/03\/2-1024x338-1-768x254.png 768w, https:\/\/adibo.com\/wp-content\/uploads\/2024\/03\/2-1024x338-1-18x6.png 18w\" sizes=\"(max-width: 1024px) 100vw, 1024px\" \/>\t\t\t\t\t\t\t\t\t\t\t\t\t\t\t<\/div>\n\t\t\t\t<\/div>\n\t\t\t\t<\/div>\n\t\t<div class=\"elementor-element elementor-element-fa2a67c e-con-full elementor-hidden-mobile e-flex e-con e-child\" data-id=\"fa2a67c\" data-element_type=\"container\" data-settings=\"{&quot;content_width&quot;:&quot;full&quot;}\">\n\t\t<div class=\"elementor-element elementor-element-2bd6f58d e-con-full e-flex e-con e-child\" data-id=\"2bd6f58d\" data-element_type=\"container\" data-settings=\"{&quot;content_width&quot;:&quot;full&quot;,&quot;position&quot;:&quot;absolute&quot;}\">\n\t\t\t\t<div class=\"elementor-element elementor-element-2558bf5d elementor-widget elementor-widget-heading\" data-id=\"2558bf5d\" data-element_type=\"widget\" data-widget_type=\"heading.default\">\n\t\t\t\t<div class=\"elementor-widget-container\">\n\t\t\t<h2 class=\"elementor-heading-title elementor-size-default\">Im Jahr 2018 f\u00fchrte ADIBO den Branchentrend mit der Einf\u00fchrung eines intelligenten Badminton-Federballwerfers an. Dieses Badminton-Trainingsger\u00e4t ist das Ergebnis jahrelanger unabh\u00e4ngiger Forschung und Entwicklung, verf\u00fcgt \u00fcber unabh\u00e4ngige geistige Eigentumsrechte und unterst\u00fctzt ein gemeinsames Lademodell, was unser unerm\u00fcdliches Streben nach technologischer Innovation unter Beweis stellt. Bis 2023 hatten wir erneut technische Barrieren durchbrochen und den Badminton-Federballwerfer A260 auf den Markt gebracht. Dieser Launcher verf\u00fcgt \u00fcber KI-Technologie zur Geschwindigkeits\u00e4nderung und kann den t\u00e4glichen Trainingsbedarf der Spieler vollst\u00e4ndig decken. Es kann nicht nur autonom verschiedene Federballbahnen festlegen und so Lehreinrichtungen besser bei ihrem Unterricht unterst\u00fctzen, sondern verf\u00fcgt auch \u00fcber integrierte vielseitige Federballbahnen, die es den Auszubildenden bequemer machen, ihre F\u00e4higkeiten zu \u00fcben und schnell zu verbessern.<\/h2>\t\t<\/div>\n\t\t\t\t<\/div>\n\t\t\t\t<\/div>\n\t\t\t\t<div class=\"elementor-element elementor-element-1e3a0374 elementor-widget elementor-widget-image\" data-id=\"1e3a0374\" data-element_type=\"widget\" data-widget_type=\"image.default\">\n\t\t\t\t<div class=\"elementor-widget-container\">\n\t\t\t\t\t\t\t\t\t\t\t\t\t\t\t<img loading=\"lazy\" decoding=\"async\" width=\"1024\" height=\"338\" src=\"https:\/\/adibo.com\/wp-content\/uploads\/2024\/03\/3-1024x338-1.png\" class=\"attachment-large size-large wp-image-1892\" alt=\"\" srcset=\"https:\/\/adibo.com\/wp-content\/uploads\/2024\/03\/3-1024x338-1.png 1024w, https:\/\/adibo.com\/wp-content\/uploads\/2024\/03\/3-1024x338-1-300x99.png 300w, https:\/\/adibo.com\/wp-content\/uploads\/2024\/03\/3-1024x338-1-768x254.png 768w, https:\/\/adibo.com\/wp-content\/uploads\/2024\/03\/3-1024x338-1-18x6.png 18w\" sizes=\"(max-width: 1024px) 100vw, 1024px\" \/>\t\t\t\t\t\t\t\t\t\t\t\t\t\t\t<\/div>\n\t\t\t\t<\/div>\n\t\t\t\t<\/div>\n\t\t\t\t\t<\/div>\n\t\t\t\t<\/div>\n\t\t\t\t\t\t\t<\/div>","protected":false},"excerpt":{"rendered":"<p>Company profile \u827e\u8fea\u5bf6\u667a\u80fd\u80a1\u4efd\u6709\u9650\u516c\u53f8 ADIBO Company was established in 2008. We have business operations in China and Taiwan. Our mission is to provide professional and intelligent sports training equipment for sports enthusiasts and coaches worldwide. With a corporate culture of satisfying user needs, adhering to excellent quality, committing to research and development innovation, and expanding global &hellip;<\/p>\n<p class=\"read-more\"> <a class=\"\" href=\"https:\/\/adibo.com\/de\/about-us\"> <span class=\"screen-reader-text\">\u00dcber Uns<\/span> Weiterlesen \u00bb<\/a><\/p>","protected":false},"author":1,"featured_media":0,"parent":0,"menu_order":0,"comment_status":"closed","ping_status":"closed","template":"","meta":{"om_disable_all_campaigns":false,"site-sidebar-layout":"no-sidebar","site-content-layout":"page-builder","ast-site-content-layout":"","site-content-style":"default","site-sidebar-style":"default","ast-global-header-display":"","ast-banner-title-visibility":"","ast-main-header-display":"","ast-hfb-above-header-display":"","ast-hfb-below-header-display":"","ast-hfb-mobile-header-display":"","site-post-title":"disabled","ast-breadcrumbs-content":"","ast-featured-img":"disabled","footer-sml-layout":"","theme-transparent-header-meta":"enabled","adv-header-id-meta":"","stick-header-meta":"","header-above-stick-meta":"","header-main-stick-meta":"","header-below-stick-meta":"","astra-migrate-meta-layouts":"","ast-page-background-enabled":"default","ast-page-background-meta":{"desktop":{"background-color":"var(--ast-global-color-4)","background-image":"","background-repeat":"repeat","background-position":"center center","background-size":"auto","background-attachment":"scroll","background-type":"","background-media":"","overlay-type":"","overlay-color":"","overlay-gradient":""},"tablet":{"background-color":"","background-image":"","background-repeat":"repeat","background-position":"center center","background-size":"auto","background-attachment":"scroll","background-type":"","background-media":"","overlay-type":"","overlay-color":"","overlay-gradient":""},"mobile":{"background-color":"","background-image":"","background-repeat":"repeat","background-position":"center center","background-size":"auto","background-attachment":"scroll","background-type":"","background-media":"","overlay-type":"","overlay-color":"","overlay-gradient":""}},"ast-content-background-meta":{"desktop":{"background-color":"var(--ast-global-color-5)","background-image":"","background-repeat":"repeat","background-position":"center center","background-size":"auto","background-attachment":"scroll","background-type":"","background-media":"","overlay-type":"","overlay-color":"","overlay-gradient":""},"tablet":{"background-color":"var(--ast-global-color-5)","background-image":"","background-repeat":"repeat","background-position":"center center","background-size":"auto","background-attachment":"scroll","background-type":"","background-media":"","overlay-type":"","overlay-color":"","overlay-gradient":""},"mobile":{"background-color":"var(--ast-global-color-5)","background-image":"","background-repeat":"repeat","background-position":"center center","background-size":"auto","background-attachment":"scroll","background-type":"","background-media":"","overlay-type":"","overlay-color":"","overlay-gradient":""}},"footnotes":""},"class_list":["post-223","page","type-page","status-publish","hentry"],"_links":{"self":[{"href":"https:\/\/adibo.com\/de\/wp-json\/wp\/v2\/pages\/223","targetHints":{"allow":["GET"]}}],"collection":[{"href":"https:\/\/adibo.com\/de\/wp-json\/wp\/v2\/pages"}],"about":[{"href":"https:\/\/adibo.com\/de\/wp-json\/wp\/v2\/types\/page"}],"author":[{"embeddable":true,"href":"https:\/\/adibo.com\/de\/wp-json\/wp\/v2\/users\/1"}],"replies":[{"embeddable":true,"href":"https:\/\/adibo.com\/de\/wp-json\/wp\/v2\/comments?post=223"}],"version-history":[{"count":3,"href":"https:\/\/adibo.com\/de\/wp-json\/wp\/v2\/pages\/223\/revisions"}],"predecessor-version":[{"id":3234,"href":"https:\/\/adibo.com\/de\/wp-json\/wp\/v2\/pages\/223\/revisions\/3234"}],"wp:attachment":[{"href":"https:\/\/adibo.com\/de\/wp-json\/wp\/v2\/media?parent=223"}],"curies":[{"name":"wp","href":"https:\/\/api.w.org\/{rel}","templated":true}]}}