{"id":1416,"date":"2023-12-18T16:16:09","date_gmt":"2023-12-18T08:16:09","guid":{"rendered":"http:\/\/adibo.ichuanghui.cn\/?page_id=1416"},"modified":"2024-03-29T11:16:15","modified_gmt":"2024-03-29T03:16:15","slug":"tkzc","status":"publish","type":"page","link":"https:\/\/adibo.com\/de\/tkzc","title":{"rendered":"R\u00fcckerstattungspolitik"},"content":{"rendered":"<div data-elementor-type=\"wp-page\" data-elementor-id=\"1416\" class=\"elementor elementor-1416\" data-elementor-post-type=\"page\">\n\t\t\t\t\t\t\t<div class=\"elementor-element elementor-element-d0c34fd e-flex e-con-boxed e-con e-parent\" data-id=\"d0c34fd\" data-element_type=\"container\" data-settings=\"{&quot;content_width&quot;:&quot;boxed&quot;}\" data-core-v316-plus=\"true\">\n\t\t\t\t\t<div class=\"e-con-inner\">\n\t\t\t\t<div class=\"elementor-element elementor-element-cd021fb elementor-widget elementor-widget-heading\" data-id=\"cd021fb\" data-element_type=\"widget\" data-widget_type=\"heading.default\">\n\t\t\t\t<div class=\"elementor-widget-container\">\n\t\t\t<style>\/*! elementor - v3.17.0 - 25-10-2023 *\/\n.elementor-heading-title{padding:0;margin:0;line-height:1}.elementor-widget-heading .elementor-heading-title[class*=elementor-size-]>a{color:inherit;font-size:inherit;line-height:inherit}.elementor-widget-heading .elementor-heading-title.elementor-size-small{font-size:15px}.elementor-widget-heading .elementor-heading-title.elementor-size-medium{font-size:19px}.elementor-widget-heading .elementor-heading-title.elementor-size-large{font-size:29px}.elementor-widget-heading .elementor-heading-title.elementor-size-xl{font-size:39px}.elementor-widget-heading .elementor-heading-title.elementor-size-xxl{font-size:59px}<\/style><h2 class=\"elementor-heading-title elementor-size-default\">R\u00fcckerstattungspolitik\n\n<\/h2>\t\t<\/div>\n\t\t\t\t<\/div>\n\t\t\t\t<div class=\"elementor-element elementor-element-227f669 elementor-widget elementor-widget-text-editor\" data-id=\"227f669\" data-element_type=\"widget\" data-widget_type=\"text-editor.default\">\n\t\t\t\t<div class=\"elementor-widget-container\">\n\t\t\t<style>\/*! elementor - v3.17.0 - 25-10-2023 *\/\n.elementor-widget-text-editor.elementor-drop-cap-view-stacked .elementor-drop-cap{background-color:#69727d;color:#fff}.elementor-widget-text-editor.elementor-drop-cap-view-framed .elementor-drop-cap{color:#69727d;border:3px solid;background-color:transparent}.elementor-widget-text-editor:not(.elementor-drop-cap-view-default) .elementor-drop-cap{margin-top:8px}.elementor-widget-text-editor:not(.elementor-drop-cap-view-default) .elementor-drop-cap-letter{width:1em;height:1em}.elementor-widget-text-editor .elementor-drop-cap{float:left;text-align:center;line-height:1;font-size:50px}.elementor-widget-text-editor .elementor-drop-cap-letter{display:inline-block}<\/style>\t\t\t\t<p><span>Vielen Dank, dass Sie sich f\u00fcr einen Einkauf bei www.adibo.com entschieden haben. Wir sind bestrebt, Ihnen qualitativ hochwertige Produkte und Dienstleistungen anzubieten und sicherzustellen, dass Ihr Einkaufserlebnis so angenehm und sorgenfrei wie m\u00f6glich ist. Damit Sie unseren R\u00fcckerstattungsprozess und unsere Richtlinien besser verstehen, lesen Sie bitte die folgenden Informationen sorgf\u00e4ltig durch:<\/span><\/p>\n<p><strong><span>1. R\u00fcckerstattungsfrist:<\/span><\/strong><span>&nbsp;Wenn Sie ab dem Kaufdatum einen Artikel zur\u00fcckgeben, erstatten oder umtauschen m\u00f6chten, kontaktieren Sie uns bitte innerhalb von 30 Tagen. Diese Frist dient dazu, sicherzustellen, dass wir Ihre Anfrage effektiv bearbeiten k\u00f6nnen. Nach 30 Tagen k\u00f6nnen wir keine R\u00fcckerstattung mehr anbieten.<\/span><\/p>\n<p><strong><span>2. R\u00fcckgabebedingungen:<\/span><\/strong><span>&nbsp;Um sicherzustellen, dass ein Artikel erfolgreich zur\u00fcckgegeben werden kann, stellen Sie bitte sicher, dass das Produkt nicht verwendet wurde und sich in demselben Zustand befindet, in dem Sie es erhalten haben. Der Artikel muss au\u00dferdem in der Originalverpackung sein und alle Zubeh\u00f6rteile und Handb\u00fccher m\u00fcssen intakt sein.<\/span><\/p>\n<p><strong><span>3. Vom Umtausch ausgeschlossene Artikel:<\/span><\/strong><span>&nbsp;Aufgrund ihrer Beschaffenheit k\u00f6nnen einige Artikel nicht zur\u00fcckgegeben werden, z. B. verderbliche Waren wie Lebensmittel und Blumen. Intim- oder Hygieneprodukte; Gefahrstoffe; brennbare Fl\u00fcssigkeiten oder Gase; Geschenkkarten; Herunterladbare Softwareprodukte; und bestimmte Gesundheits- und K\u00f6rperpflegeartikel. Diese Artikel sind aufgrund ihrer besonderen Beschaffenheit, die einen Weiterverkauf verhindert, vom Umtausch ausgeschlossen.<\/span><\/p>\n<p><strong><span>4. R\u00fcckerstattungsprozess:<\/span><\/strong><span>&nbsp;Bitte legen Sie einen Kaufbeleg oder eine Bestellnummer vor, um den R\u00fcckerstattungsprozess abzuschlie\u00dfen. Senden Sie die Ware nicht direkt an den Hersteller zur\u00fcck. Wenn Sie einen Artikel zur\u00fccksenden m\u00fcssen, wenden Sie sich bitte an unser Kundendienstteam, um detaillierte Anweisungen zur R\u00fcckgabe zu erhalten.<\/span><\/p>\n<p><strong><span>5. Teilweise R\u00fcckerstattung:<\/span><\/strong><span>&nbsp;F\u00fcr Artikel wie B\u00fccher mit offensichtlichen Gebrauchsspuren, ge\u00f6ffnete CDs, DVDs, VHS-Kassetten, Software, Videospiele, Kassetten oder Schallplatten bieten wir m\u00f6glicherweise nur eine teilweise R\u00fcckerstattung an. Dar\u00fcber hinaus haben Artikel, die besch\u00e4digt sind oder Teile fehlen, die nicht auf unseren Fehler zur\u00fcckzuf\u00fchren sind, m\u00f6glicherweise auch nur Anspruch auf eine teilweise R\u00fcckerstattung.<\/span><\/p>\n<p><strong><span>6. R\u00fcckerstattungsmethode:<\/span><\/strong><span>&nbsp;R\u00fcckerstattungen erfolgen \u00fcber die urspr\u00fcngliche Zahlungsmethode. Sollte die urspr\u00fcngliche Zahlungsmethode nicht mehr verf\u00fcgbar sein, erstatten wir den Betrag \u00fcber PayPal oder eine andere Methode. Bitte beachten Sie, dass wir die urspr\u00fcnglichen Versandkosten nicht erstatten.<\/span><\/p>\n<p><strong><span>7. Versp\u00e4tete oder fehlende R\u00fcckerstattungen:<\/span><\/strong><span>&nbsp;Wenn Sie Ihre R\u00fcckerstattung nicht innerhalb der erwarteten Frist erhalten haben, \u00fcberpr\u00fcfen Sie bitte zun\u00e4chst Ihr Bankkonto und wenden Sie sich dann an Ihr Kreditkartenunternehmen oder Ihre Bank. Sollten weiterhin Probleme auftreten, k\u00f6nnen Sie sich gerne an unseren Kundensupport wenden.<\/span><\/p>\n<p><strong><span>8. Verkaufsartikel:<\/span><\/strong><span>&nbsp;Bitte beachten Sie, dass Ausverkaufs- oder Werbeartikel m\u00f6glicherweise nicht f\u00fcr eine R\u00fcckerstattung in Frage kommen. Stellen Sie sicher, dass Sie die Produktdetails vor dem Kauf sorgf\u00e4ltig \u00fcberpr\u00fcft haben.<\/span><\/p>\n<p><strong><span>9. Geschenkoptionen:<\/span><\/strong><span>&nbsp;Wenn Sie das Produkt als Geschenk gekauft haben, erfolgt die R\u00fcckerstattung in Form einer Gutschrift an den K\u00e4ufer. Wenn das Geschenk zum Zeitpunkt des Kaufs nicht als Geschenk gekennzeichnet war oder der Schenkende die Bestellung an sich selbst gesendet hat, um sie sp\u00e4ter an Sie weiterzugeben, erfolgt die R\u00fcckerstattung an den urspr\u00fcnglichen K\u00e4ufer.<\/span><\/p>\n<p><strong><span>10. R\u00fcckversand:<\/span><\/strong><span>&nbsp;Bitte kontaktieren Sie uns, bevor Sie einen Artikel zur\u00fccksenden. Die R\u00fccksendeadresse lautet: 305, 3rd Floor, Building 2, Hui Sheng Da Industrial Park, No. 29 Qingcui Road, Qinghu Community, Longhua Street, Longhua District, Shenzhen City, Provinz Guangdong, China. Die Kosten f\u00fcr den R\u00fcckversand betragen Verantwortung des K\u00e4ufers. Wenn Sie einen Artikel im Wert von mehr als $75 versenden, empfehlen wir die Nutzung eines verfolgbaren Versanddienstes oder den Abschluss einer Versandversicherung, um die sichere Lieferung des Artikels zu gew\u00e4hrleisten. Wir garantieren nicht, dass wir Ihren zur\u00fcckgegebenen Artikel erhalten.<\/span><\/p>\n<p><span>Wir verstehen, dass die Zufriedenheit jedes Kunden f\u00fcr unseren Erfolg von entscheidender Bedeutung ist. Wir empfehlen Ihnen daher, sich vor dem Kauf an den Kundendienst zu wenden, um sicherzustellen, dass das Produkt Ihren Anforderungen entspricht und so die Wahrscheinlichkeit einer R\u00fccksendung verringert wird. Dies tr\u00e4gt nicht nur zum Schutz Ihrer Verbraucherrechte bei, sondern tr\u00e4gt auch dazu bei, Umweltverschwendung und Kosten zu reduzieren. Danke f\u00fcr dein Verst\u00e4ndnis und die Kooperation!<\/span><\/p>\t\t\t\t\t\t<\/div>\n\t\t\t\t<\/div>\n\t\t\t\t\t<\/div>\n\t\t\t\t<\/div>\n\t\t\t\t\t\t\t<\/div>","protected":false},"excerpt":{"rendered":"<p>R\u00fcckerstattungsrichtlinie Vielen Dank, dass Sie sich f\u00fcr einen Einkauf bei www.adibo.com entschieden haben. Wir sind bestrebt, Ihnen qualitativ hochwertige Produkte und Dienstleistungen anzubieten und sicherzustellen, dass Ihr Einkaufserlebnis so angenehm und sorgenfrei wie m\u00f6glich ist. Damit Sie unseren R\u00fcckerstattungsprozess und unsere R\u00fcckerstattungsrichtlinie besser verstehen, lesen Sie bitte die folgenden Informationen sorgf\u00e4ltig durch: 1. R\u00fcckerstattungsfrist: Ab dem \u2026<\/p>\n<p class=\"read-more\"> <a class=\"\" href=\"https:\/\/adibo.com\/de\/tkzc\"> <span class=\"screen-reader-text\">R\u00fcckerstattungspolitik<\/span> Weiterlesen \u00bb<\/a><\/p>","protected":false},"author":1,"featured_media":0,"parent":0,"menu_order":0,"comment_status":"closed","ping_status":"closed","template":"","meta":{"om_disable_all_campaigns":false,"site-sidebar-layout":"no-sidebar","site-content-layout":"page-builder","ast-site-content-layout":"full-width-container","site-content-style":"default","site-sidebar-style":"default","ast-global-header-display":"","ast-banner-title-visibility":"","ast-main-header-display":"","ast-hfb-above-header-display":"","ast-hfb-below-header-display":"","ast-hfb-mobile-header-display":"","site-post-title":"disabled","ast-breadcrumbs-content":"","ast-featured-img":"disabled","footer-sml-layout":"","theme-transparent-header-meta":"default","adv-header-id-meta":"","stick-header-meta":"default","header-above-stick-meta":"","header-main-stick-meta":"","header-below-stick-meta":"","astra-migrate-meta-layouts":"set","ast-page-background-enabled":"default","ast-page-background-meta":{"desktop":{"background-color":"var(--ast-global-color-4)","background-image":"","background-repeat":"repeat","background-position":"center center","background-size":"auto","background-attachment":"scroll","background-type":"","background-media":"","overlay-type":"","overlay-color":"","overlay-gradient":""},"tablet":{"background-color":"","background-image":"","background-repeat":"repeat","background-position":"center center","background-size":"auto","background-attachment":"scroll","background-type":"","background-media":"","overlay-type":"","overlay-color":"","overlay-gradient":""},"mobile":{"background-color":"","background-image":"","background-repeat":"repeat","background-position":"center center","background-size":"auto","background-attachment":"scroll","background-type":"","background-media":"","overlay-type":"","overlay-color":"","overlay-gradient":""}},"ast-content-background-meta":{"desktop":{"background-color":"var(--ast-global-color-5)","background-image":"","background-repeat":"repeat","background-position":"center center","background-size":"auto","background-attachment":"scroll","background-type":"","background-media":"","overlay-type":"","overlay-color":"","overlay-gradient":""},"tablet":{"background-color":"var(--ast-global-color-5)","background-image":"","background-repeat":"repeat","background-position":"center center","background-size":"auto","background-attachment":"scroll","background-type":"","background-media":"","overlay-type":"","overlay-color":"","overlay-gradient":""},"mobile":{"background-color":"var(--ast-global-color-5)","background-image":"","background-repeat":"repeat","background-position":"center center","background-size":"auto","background-attachment":"scroll","background-type":"","background-media":"","overlay-type":"","overlay-color":"","overlay-gradient":""}},"footnotes":""},"class_list":["post-1416","page","type-page","status-publish","hentry"],"_links":{"self":[{"href":"https:\/\/adibo.com\/de\/wp-json\/wp\/v2\/pages\/1416","targetHints":{"allow":["GET"]}}],"collection":[{"href":"https:\/\/adibo.com\/de\/wp-json\/wp\/v2\/pages"}],"about":[{"href":"https:\/\/adibo.com\/de\/wp-json\/wp\/v2\/types\/page"}],"author":[{"embeddable":true,"href":"https:\/\/adibo.com\/de\/wp-json\/wp\/v2\/users\/1"}],"replies":[{"embeddable":true,"href":"https:\/\/adibo.com\/de\/wp-json\/wp\/v2\/comments?post=1416"}],"version-history":[{"count":0,"href":"https:\/\/adibo.com\/de\/wp-json\/wp\/v2\/pages\/1416\/revisions"}],"wp:attachment":[{"href":"https:\/\/adibo.com\/de\/wp-json\/wp\/v2\/media?parent=1416"}],"curies":[{"name":"wp","href":"https:\/\/api.w.org\/{rel}","templated":true}]}}